{"id":110,"date":"2015-11-27T17:59:19","date_gmt":"2015-11-27T17:59:19","guid":{"rendered":"http:\/\/export-xml.qreativethemes.com\/physio\/?page_id=110"},"modified":"2023-02-06T19:13:07","modified_gmt":"2023-02-07T00:13:07","slug":"services","status":"publish","type":"page","link":"https:\/\/www.longsaulttravelclinic.com\/fr\/services\/","title":{"rendered":"Prestations de service"},"content":{"rendered":"<div id=\"pl-110\"  class=\"panel-layout\" ><div id=\"pg-110-0\"  class=\"panel-grid panel-no-style\" ><div id=\"pgc-110-0-0\"  class=\"panel-grid-cell\" ><div id=\"panel-110-0-0-0\" class=\"so-panel widget widget_qt_feature_page widget-featured-page panel-first-child panel-last-child\" data-index=\"0\" >\n\t\t\t<div class=\"featured-page\">\n\t\t\t\t\t\t\t\t\t<div class=\"featured-page--image\">\n\t\t\t\t\t\t<a href=\"https:\/\/www.longsaulttravelclinic.com\/fr\/services\/travel-consultation\/\">\n\t\t\t\t\t\t\t<img decoding=\"async\" width=\"360\" height=\"240\" src=\"https:\/\/www.longsaulttravelclinic.com\/wp-content\/uploads\/2021\/06\/Long-Sault-Travel-Clinic-Travel-Consultation-360x240.jpg\" class=\"attachment-physio-qt-featured-s size-physio-qt-featured-s\" alt=\"Travel Consultation - Cornwall Travel Health | Long Sault Region\" srcset=\"https:\/\/www.longsaulttravelclinic.com\/wp-content\/uploads\/2021\/06\/Long-Sault-Travel-Clinic-Travel-Consultation-360x240.jpg 360w, https:\/\/www.longsaulttravelclinic.com\/wp-content\/uploads\/2021\/06\/Long-Sault-Travel-Clinic-Travel-Consultation-300x200.jpg 300w, https:\/\/www.longsaulttravelclinic.com\/wp-content\/uploads\/2021\/06\/Long-Sault-Travel-Clinic-Travel-Consultation-768x512.jpg 768w, https:\/\/www.longsaulttravelclinic.com\/wp-content\/uploads\/2021\/06\/Long-Sault-Travel-Clinic-Travel-Consultation-272x182.jpg 272w, https:\/\/www.longsaulttravelclinic.com\/wp-content\/uploads\/2021\/06\/Long-Sault-Travel-Clinic-Travel-Consultation.jpg 800w\" sizes=\"(min-width: 781px) 360px, calc(100vw - 30px)\" \/>\t\t\t\t\t\t\t<div class=\"featured-page--overlay\">\n\t\t\t\t\t\t\t\t\t\t\t\t\t\t\t\t\t<div class=\"overlay--center\">\n\t\t\t\t\t\t\t\t\t\t<span>En savoir plus<\/span>\n\t\t\t\t\t\t\t\t\t<\/div>\n\t\t\t\t\t\t\t\t\t\t\t\t\t\t\t<\/div>\n\t\t\t\t\t\t<\/a>\n\t\t\t\t\t<\/div>\n\t\t\t\t\t\t\t\t<div class=\"featured-page--content\">\n\t\t\t\t\t<h4 class=\"featued-page--title\">\n\t\t\t\t\t\t<a href=\"https:\/\/www.longsaulttravelclinic.com\/fr\/services\/travel-consultation\/\">Consultation de voyage - Sant\u00e9 voyage \u00e0 Cornwall | R\u00e9gion de Long Sault<\/a>\n\t\t\t\t\t<\/h4>\n\t\t\t\t\t\t\t\t\t\t\t<p>Nos pharmaciens peuvent administrer vos vaccins de voyage et fournir \u00e0 vous et \u00e0 votre famille les informations de sant\u00e9 n\u00e9cessaires pour profiter d\u2019un voyage s\u00fbr et m\u00e9morable.<\/p>\n\t\t\t\t\t\t\t\t\t\t\t\t\t\t\t\t<a href=\"https:\/\/www.longsaulttravelclinic.com\/fr\/services\/travel-consultation\/\" class=\"text-link\">En savoir plus<\/a>\n\t\t\t\t\t\t\t\t\t<\/div>\n\t\t\t<\/div>\n\n\t\t\t<\/div><\/div><\/div><\/div>","protected":false},"excerpt":{"rendered":"<p>Find out More Travel Consultation &#8211; Cornwall Travel Health | Long Sault Region Our pharmacists can administer your travel vaccines and provide you and your family with the health information you need to have a safe and memorable vacation. Find out More<\/p>","protected":false},"author":1,"featured_media":0,"parent":0,"menu_order":0,"comment_status":"closed","ping_status":"closed","template":"","meta":{"_acf_changed":false,"footnotes":""},"class_list":["post-110","page","type-page","status-publish","hentry"],"acf":[],"yoast_head":"<!-- This site is optimized with the Yoast SEO plugin v27.4 - https:\/\/yoast.com\/product\/yoast-seo-wordpress\/ -->\n<title>Travel Immunization \/ Travel Vaccines \/ Long Sault Travel Clinic<\/title>\n<meta name=\"description\" content=\"Long Sault Travel Clinic - Offering preventative travel immunization services to ensure you have a safe vacation. Book an in-home travel consultation.\" \/>\n<meta name=\"robots\" content=\"index, follow, max-snippet:-1, max-image-preview:large, max-video-preview:-1\" \/>\n<link rel=\"canonical\" href=\"https:\/\/www.longsaulttravelclinic.com\/fr\/services\/\" \/>\n<meta property=\"og:locale\" content=\"fr_FR\" \/>\n<meta property=\"og:type\" content=\"article\" \/>\n<meta property=\"og:title\" content=\"Long Sault Travel Clinic - Services\" \/>\n<meta property=\"og:description\" content=\"Long Sault Travel Clinic - Offering preventative travel immunization services to ensure you have a safe vacation. Book an in-home travel consultation.\" \/>\n<meta property=\"og:url\" content=\"https:\/\/www.longsaulttravelclinic.com\/fr\/services\/\" \/>\n<meta property=\"og:site_name\" content=\"Long Sault Travel Clinic\" \/>\n<meta property=\"article:publisher\" content=\"https:\/\/www.facebook.com\/longsaultpharmacy\/\" \/>\n<meta property=\"article:modified_time\" content=\"2023-02-07T00:13:07+00:00\" \/>\n<meta name=\"twitter:card\" content=\"summary_large_image\" \/>\n<script type=\"application\/ld+json\" class=\"yoast-schema-graph\">{\"@context\":\"https:\\\/\\\/schema.org\",\"@graph\":[{\"@type\":\"WebPage\",\"@id\":\"https:\\\/\\\/www.longsaulttravelclinic.com\\\/services\\\/\",\"url\":\"https:\\\/\\\/www.longsaulttravelclinic.com\\\/services\\\/\",\"name\":\"Travel Immunization \\\/ Travel Vaccines \\\/ Long Sault Travel Clinic\",\"isPartOf\":{\"@id\":\"https:\\\/\\\/www.longsaulttravelclinic.com\\\/#website\"},\"datePublished\":\"2015-11-27T17:59:19+00:00\",\"dateModified\":\"2023-02-07T00:13:07+00:00\",\"description\":\"Long Sault Travel Clinic - Offering preventative travel immunization services to ensure you have a safe vacation. Book an in-home travel consultation.\",\"breadcrumb\":{\"@id\":\"https:\\\/\\\/www.longsaulttravelclinic.com\\\/services\\\/#breadcrumb\"},\"inLanguage\":\"fr-FR\",\"potentialAction\":[{\"@type\":\"ReadAction\",\"target\":[\"https:\\\/\\\/www.longsaulttravelclinic.com\\\/services\\\/\"]}]},{\"@type\":\"BreadcrumbList\",\"@id\":\"https:\\\/\\\/www.longsaulttravelclinic.com\\\/services\\\/#breadcrumb\",\"itemListElement\":[{\"@type\":\"ListItem\",\"position\":1,\"name\":\"Home\",\"item\":\"https:\\\/\\\/www.longsaulttravelclinic.com\\\/\"},{\"@type\":\"ListItem\",\"position\":2,\"name\":\"Services\"}]},{\"@type\":\"WebSite\",\"@id\":\"https:\\\/\\\/www.longsaulttravelclinic.com\\\/#website\",\"url\":\"https:\\\/\\\/www.longsaulttravelclinic.com\\\/\",\"name\":\"longsaulttravelclinic\",\"description\":\"Cornwall Area Travel Clinic\",\"publisher\":{\"@id\":\"https:\\\/\\\/www.longsaulttravelclinic.com\\\/#organization\"},\"potentialAction\":[{\"@type\":\"SearchAction\",\"target\":{\"@type\":\"EntryPoint\",\"urlTemplate\":\"https:\\\/\\\/www.longsaulttravelclinic.com\\\/?s={search_term_string}\"},\"query-input\":{\"@type\":\"PropertyValueSpecification\",\"valueRequired\":true,\"valueName\":\"search_term_string\"}}],\"inLanguage\":\"fr-FR\"},{\"@type\":\"Organization\",\"@id\":\"https:\\\/\\\/www.longsaulttravelclinic.com\\\/#organization\",\"name\":\"longsaulttravelclinic\",\"url\":\"https:\\\/\\\/www.longsaulttravelclinic.com\\\/\",\"logo\":{\"@type\":\"ImageObject\",\"inLanguage\":\"fr-FR\",\"@id\":\"https:\\\/\\\/www.longsaulttravelclinic.com\\\/#\\\/schema\\\/logo\\\/image\\\/\",\"url\":\"https:\\\/\\\/www.longsaulttravelclinic.com\\\/wp-content\\\/uploads\\\/2021\\\/06\\\/Long-Sault-Travel-Clinic-Pharmasave-Logo.jpg\",\"contentUrl\":\"https:\\\/\\\/www.longsaulttravelclinic.com\\\/wp-content\\\/uploads\\\/2021\\\/06\\\/Long-Sault-Travel-Clinic-Pharmasave-Logo.jpg\",\"width\":546,\"height\":97,\"caption\":\"longsaulttravelclinic\"},\"image\":{\"@id\":\"https:\\\/\\\/www.longsaulttravelclinic.com\\\/#\\\/schema\\\/logo\\\/image\\\/\"},\"sameAs\":[\"https:\\\/\\\/www.facebook.com\\\/longsaultpharmacy\\\/\"]}]}<\/script>\n<!-- \/ Yoast SEO plugin. -->","yoast_head_json":{"title":"Travel Immunization \/ Travel Vaccines \/ Long Sault Travel Clinic","description":"Long Sault Travel Clinic - Offering preventative travel immunization services to ensure you have a safe vacation. Book an in-home travel consultation.","robots":{"index":"index","follow":"follow","max-snippet":"max-snippet:-1","max-image-preview":"max-image-preview:large","max-video-preview":"max-video-preview:-1"},"canonical":"https:\/\/www.longsaulttravelclinic.com\/fr\/services\/","og_locale":"fr_FR","og_type":"article","og_title":"Long Sault Travel Clinic - Services","og_description":"Long Sault Travel Clinic - Offering preventative travel immunization services to ensure you have a safe vacation. Book an in-home travel consultation.","og_url":"https:\/\/www.longsaulttravelclinic.com\/fr\/services\/","og_site_name":"Long Sault Travel Clinic","article_publisher":"https:\/\/www.facebook.com\/longsaultpharmacy\/","article_modified_time":"2023-02-07T00:13:07+00:00","twitter_card":"summary_large_image","schema":{"@context":"https:\/\/schema.org","@graph":[{"@type":"WebPage","@id":"https:\/\/www.longsaulttravelclinic.com\/services\/","url":"https:\/\/www.longsaulttravelclinic.com\/services\/","name":"Travel Immunization \/ Travel Vaccines \/ Long Sault Travel Clinic","isPartOf":{"@id":"https:\/\/www.longsaulttravelclinic.com\/#website"},"datePublished":"2015-11-27T17:59:19+00:00","dateModified":"2023-02-07T00:13:07+00:00","description":"Long Sault Travel Clinic - Offering preventative travel immunization services to ensure you have a safe vacation. Book an in-home travel consultation.","breadcrumb":{"@id":"https:\/\/www.longsaulttravelclinic.com\/services\/#breadcrumb"},"inLanguage":"fr-FR","potentialAction":[{"@type":"ReadAction","target":["https:\/\/www.longsaulttravelclinic.com\/services\/"]}]},{"@type":"BreadcrumbList","@id":"https:\/\/www.longsaulttravelclinic.com\/services\/#breadcrumb","itemListElement":[{"@type":"ListItem","position":1,"name":"Home","item":"https:\/\/www.longsaulttravelclinic.com\/"},{"@type":"ListItem","position":2,"name":"Services"}]},{"@type":"WebSite","@id":"https:\/\/www.longsaulttravelclinic.com\/#website","url":"https:\/\/www.longsaulttravelclinic.com\/","name":"longsaulttravelclinic","description":"Clinique de voyage de la r\u00e9gion de Cornwall","publisher":{"@id":"https:\/\/www.longsaulttravelclinic.com\/#organization"},"potentialAction":[{"@type":"SearchAction","target":{"@type":"EntryPoint","urlTemplate":"https:\/\/www.longsaulttravelclinic.com\/?s={search_term_string}"},"query-input":{"@type":"PropertyValueSpecification","valueRequired":true,"valueName":"search_term_string"}}],"inLanguage":"fr-FR"},{"@type":"Organization","@id":"https:\/\/www.longsaulttravelclinic.com\/#organization","name":"longsaulttravelclinic","url":"https:\/\/www.longsaulttravelclinic.com\/","logo":{"@type":"ImageObject","inLanguage":"fr-FR","@id":"https:\/\/www.longsaulttravelclinic.com\/#\/schema\/logo\/image\/","url":"https:\/\/www.longsaulttravelclinic.com\/wp-content\/uploads\/2021\/06\/Long-Sault-Travel-Clinic-Pharmasave-Logo.jpg","contentUrl":"https:\/\/www.longsaulttravelclinic.com\/wp-content\/uploads\/2021\/06\/Long-Sault-Travel-Clinic-Pharmasave-Logo.jpg","width":546,"height":97,"caption":"longsaulttravelclinic"},"image":{"@id":"https:\/\/www.longsaulttravelclinic.com\/#\/schema\/logo\/image\/"},"sameAs":["https:\/\/www.facebook.com\/longsaultpharmacy\/"]}]}},"_links":{"self":[{"href":"https:\/\/www.longsaulttravelclinic.com\/fr\/wp-json\/wp\/v2\/pages\/110","targetHints":{"allow":["GET"]}}],"collection":[{"href":"https:\/\/www.longsaulttravelclinic.com\/fr\/wp-json\/wp\/v2\/pages"}],"about":[{"href":"https:\/\/www.longsaulttravelclinic.com\/fr\/wp-json\/wp\/v2\/types\/page"}],"author":[{"embeddable":true,"href":"https:\/\/www.longsaulttravelclinic.com\/fr\/wp-json\/wp\/v2\/users\/1"}],"replies":[{"embeddable":true,"href":"https:\/\/www.longsaulttravelclinic.com\/fr\/wp-json\/wp\/v2\/comments?post=110"}],"version-history":[{"count":0,"href":"https:\/\/www.longsaulttravelclinic.com\/fr\/wp-json\/wp\/v2\/pages\/110\/revisions"}],"wp:attachment":[{"href":"https:\/\/www.longsaulttravelclinic.com\/fr\/wp-json\/wp\/v2\/media?parent=110"}],"curies":[{"name":"wp","href":"https:\/\/api.w.org\/{rel}","templated":true}]}}