{"id":117,"date":"2015-11-27T18:00:51","date_gmt":"2015-11-27T18:00:51","guid":{"rendered":"http:\/\/export-xml.qreativethemes.com\/physio\/?page_id=117"},"modified":"2026-01-31T09:46:17","modified_gmt":"2026-01-31T14:46:17","slug":"contact-us","status":"publish","type":"page","link":"https:\/\/www.longsaulttravelclinic.com\/fr\/contact-us\/","title":{"rendered":"Nous contacter"},"content":{"rendered":"<div id=\"pl-117\"  class=\"panel-layout\" ><div id=\"pg-117-0\"  class=\"panel-grid panel-no-style\" ><div id=\"pgc-117-0-0\"  class=\"panel-grid-cell\" ><div id=\"panel-117-0-0-0\" class=\"so-panel widget widget_sow-editor panel-first-child\" data-index=\"0\" ><div class=\"featured-box panel-widget-style panel-widget-style-for-117-0-0-0\" ><div\n\t\t\t\n\t\t\tclass=\"so-widget-sow-editor so-widget-sow-editor-base\"\n\t\t\t\n\t\t>\n<div class=\"siteorigin-widget-tinymce textwidget\">\n\t<p><a href=\"https:\/\/share.google\/RRVyPOjB0QCq68tO5\" target=\"_blank\" style=\"text-decoration: none; color: inherit; display: inline-block; margin: 0; line-height: 1.5;\"><br \/>\n  <strong>Clinique de voyage de la r\u00e9gion de Cornwall<\/strong><br \/>\n  43 Long Sault Dr, Long Sault ON K0C 1P0<br \/>\n<\/a><\/p>\n<hr \/>\n<p><strong>Contact Number<br \/>\n<\/strong>(613) 534-3777 (Option 5)<\/p>\n<hr \/>\n<p><strong>Adresse Email<br \/>\n<a href=\"mailto:inglesidepharmacy@hotmail.com\">inglesidepharmacy@hotmail.com<\/a><\/p>\n<hr \/>\n<p><\/strong><strong>R\u00e9seau sociaux<\/strong><\/p>\n<div class=\"social-icons\">\n  <a href=\"https:\/\/www.facebook.com\/longsaultpharmacy\/\" target=\"_blank\"><br \/>\n    <svg xmlns=\"http:\/\/www.w3.org\/2000\/svg\" viewbox=\"0 0 24 24\">\n      <path d=\"M22.675 0h-21.35C.597 0 0 .598 0 1.334v21.332C0 23.402.597 24 1.325 24h11.495v-9.294H9.692v-3.622h3.128V8.413c0-3.1 1.893-4.788 4.659-4.788 1.325 0 2.464.099 2.795.144v3.24l-1.918.001c-1.504 0-1.796.715-1.796 1.763v2.311h3.588l-.467 3.622h-3.121V24h6.116c.729 0 1.325-.598 1.325-1.334V1.334C24 .598 23.403 0 22.675 0z\"><\/path>\n    <\/svg><br \/>\n  <\/a>\n<\/div>\n<\/div>\n<\/div><\/div><\/div><div id=\"panel-117-0-0-1\" class=\"so-panel widget widget_qt_opening_hours widget-opening-hours panel-last-child\" data-index=\"1\" ><h3 class=\"widget-title\">Store Hours<\/h3><div class=\"opening-hours\"><ul><li class=\"weekday\">Lundi<span class=\"right\">9:00am-6:00pm<\/span><\/li><li class=\"weekday\">Mardi<span class=\"right\">9:00am-6:00pm<\/span><\/li><li class=\"weekday today\">Mercredi<span class=\"right\">9:00am-6:00pm<\/span><\/li><li class=\"weekday\">Jeudi<span class=\"right\">9:00am-8:00pm<\/span><\/li><li class=\"weekday\">Vendredi<span class=\"right\">9:30am-6:00pm<\/span><\/li><li class=\"weekday\">Samedi<span class=\"right\">9:00am-5:00pm<\/span><\/li><li class=\"weekday\">Dimanche<span class=\"right\">10:00am-4:00pm<\/span><\/li><\/ul><\/div><\/div><\/div><div id=\"pgc-117-0-1\"  class=\"panel-grid-cell\" ><div id=\"panel-117-0-1-0\" class=\"so-panel widget widget_text panel-first-child\" data-index=\"2\" >\t\t\t<div class=\"textwidget\"><p><iframe src=\"https:\/\/www.google.com\/maps\/embed?pb=!1m18!1m12!1m3!1d2819.792420486272!2d-74.89655398445703!3d45.02913917909825!2m3!1f0!2f0!3f0!3m2!1i1024!2i768!4f13.1!3m3!1m2!1s0x4ccc3cea66b85ab3%3A0x48bfd3bb95a4f15d!2s43+Long+Sault+Dr%2C+Long+Sault%2C+ON+K0C+1P0%2C+Canada!5e0!3m2!1sen!2sbd!4v1528262175095\" frameborder=\"0\" style=\"border:0\" allowfullscreen><\/iframe><\/p>\n<\/div>\n\t\t<\/div><div id=\"panel-117-0-1-1\" class=\"so-panel widget widget_sow-editor\" data-index=\"3\" ><div class=\"panel-widget-style panel-widget-style-for-117-0-1-1\" ><div\n\t\t\t\n\t\t\tclass=\"so-widget-sow-editor so-widget-sow-editor-base\"\n\t\t\t\n\t\t><h3 class=\"widget-title\">Send Us a Message<\/h3>\n<div class=\"siteorigin-widget-tinymce textwidget\">\n\t<p>N\u2019h\u00e9sitez pas \u00e0 poser vos questions par t\u00e9l\u00e9phone ou \u00e0 nous contacter via notre formulaire de contact ci-dessous. Votre message sera envoy\u00e9 \u00e0 notre clinique de voyage de la r\u00e9gion de Cornwall. Veuillez vous attendre \u00e0 recevoir une r\u00e9ponse dans les 24 heures.<\/p>\n<p>Ready for a travel consultation with Long Sault Area Travel Clinic?<br class=\"mobile-gap\"\/><br \/>\n<a href=\"https:\/\/www.longsaulttravelclinic.com\/fr\/services\/travel-consultation\/\" class=\"btn btn-primary\">R\u00e9server<\/a><\/p>\n<\/div>\n<\/div><\/div><\/div><div id=\"panel-117-0-1-2\" class=\"so-panel widget widget_sow-editor panel-last-child\" data-index=\"4\" ><div class=\"panel-widget-style panel-widget-style-for-117-0-1-2\" ><div\n\t\t\t\n\t\t\tclass=\"so-widget-sow-editor so-widget-sow-editor-base\"\n\t\t\t\n\t\t>\n<div class=\"siteorigin-widget-tinymce textwidget\">\n\t<div class=\"wpcf7 no-js\" id=\"wpcf7-f9178-o1\" lang=\"en-CA\" dir=\"ltr\" data-wpcf7-id=\"9178\">\n<div class=\"screen-reader-response\">\n<p role=\"status\" aria-live=\"polite\" aria-atomic=\"true\">\n<ul><\/ul>\n<\/div>\n<form action=\"\/fr\/wp-json\/wp\/v2\/pages\/117#wpcf7-f9178-o1\" method=\"post\" class=\"wpcf7-form init\" aria-label=\"Contact form\" novalidate=\"novalidate\" data-status=\"init\" data-trp-original-action=\"\/fr\/wp-json\/wp\/v2\/pages\/117#wpcf7-f9178-o1\">\n<fieldset class=\"hidden-fields-container\"><input type=\"hidden\" name=\"_wpcf7\" value=\"9178\" \/><input type=\"hidden\" name=\"_wpcf7_version\" value=\"6.1.5\" \/><input type=\"hidden\" name=\"_wpcf7_locale\" value=\"en_CA\" \/><input type=\"hidden\" name=\"_wpcf7_unit_tag\" value=\"wpcf7-f9178-o1\" \/><input type=\"hidden\" name=\"_wpcf7_container_post\" value=\"0\" \/><input type=\"hidden\" name=\"_wpcf7_posted_data_hash\" value=\"\" \/><input type=\"hidden\" name=\"_wpcf7_recaptcha_response\" value=\"\" \/><br \/>\n<\/fieldset>\n<div class=\"white-featured-box\">\n<div class=\"row\">\n<div class=\"col-xs-12 col-md-6\">\n<p><span>Nom<\/span><span class=\"wpcf7-form-control-wrap\" data-name=\"your-name\"><input size=\"40\" maxlength=\"400\" class=\"wpcf7-form-control wpcf7-text wpcf7-validates-as-required\" aria-required=\"true\" aria-invalid=\"false\" placeholder=\"Nom complet\" value=\"\" type=\"text\" name=\"your-name\" \/><\/span><span>Courriel<\/span><span class=\"wpcf7-form-control-wrap\" data-name=\"your-email\"><input size=\"40\" maxlength=\"400\" class=\"wpcf7-form-control wpcf7-email wpcf7-validates-as-required wpcf7-text wpcf7-validates-as-email\" aria-required=\"true\" aria-invalid=\"false\" placeholder=\"Adresse Email\" value=\"\" type=\"email\" name=\"your-email\" \/><\/span><span>Num\u00e9ro De T\u00e9l\u00e9phone *<\/span><span class=\"wpcf7-form-control-wrap\" data-name=\"your-phone\"><input size=\"40\" maxlength=\"400\" class=\"wpcf7-form-control wpcf7-tel wpcf7-validates-as-required wpcf7-text wpcf7-validates-as-tel\" aria-required=\"true\" aria-invalid=\"false\" placeholder=\"Num\u00e9ro\" value=\"\" type=\"tel\" name=\"your-phone\" \/><\/span>\n\t\t\t<\/p>\n<\/p><\/div>\n<div class=\"col-xs-12 col-md-6\">\n<p><span>Le Sujet<\/span><span class=\"wpcf7-form-control-wrap\" data-name=\"your-subject\"><input size=\"40\" maxlength=\"400\" class=\"wpcf7-form-control wpcf7-text\" aria-invalid=\"false\" placeholder=\"Sujet\" value=\"\" type=\"text\" name=\"your-subject\" \/><\/span><span>Votre message<\/span><span class=\"wpcf7-form-control-wrap\" data-name=\"your-message\"><textarea cols=\"40\" rows=\"10\" maxlength=\"2000\" class=\"wpcf7-form-control wpcf7-textarea\" aria-invalid=\"false\" placeholder=\"Tapez votre message..\" name=\"your-message\"><\/textarea><\/span><input class=\"wpcf7-form-control wpcf7-submit has-spinner btn btn-primary\" type=\"submit\" value=\"Envoyer le message\" \/><input type=\"reset\" class=\"btn btn-outline\" value=\"Forme claire\" \/>\n\t\t\t<\/p>\n<\/p><\/div>\n<\/p><\/div>\n<\/div>\n<div class=\"wpcf7-response-output\" aria-hidden=\"true\"><\/div>\n<input type=\"hidden\" name=\"trp-form-language\" value=\"fr\"\/><\/form>\n<\/div>\n<p>&nbsp;<\/p>\n<\/div>\n<\/div><\/div><\/div><\/div><\/div><\/div>","protected":false},"excerpt":{"rendered":"<p>Cornwall Area Travel Clinic 43 Long Sault Dr, Long Sault ON K0C 1P0 Contact Number (613) 534-3777 (Option 5) Email Address inglesidepharmacy@hotmail.com Social Media Feel free to ask any questions over the phone, or get in touch via our contact form below. Your message will be dispatched to our Cornwall Area Travel clinic. Please expect [&hellip;]<\/p>\n","protected":false},"author":1,"featured_media":0,"parent":0,"menu_order":0,"comment_status":"closed","ping_status":"closed","template":"","meta":{"_acf_changed":false,"footnotes":""},"class_list":["post-117","page","type-page","status-publish","hentry"],"acf":[],"yoast_head":"<!-- This site is optimized with the Yoast SEO plugin v27.4 - https:\/\/yoast.com\/product\/yoast-seo-wordpress\/ -->\n<title>Contact Us - Long Sault Travel Clinic<\/title>\n<meta name=\"description\" content=\"Cornwall Travel Clinic 43 Long Sault Dr, Long Sault ON K0C 1P0 Phone Number (613) 534-3777 info@longsaulttravelclinic.com Cornwall Travel Health\" \/>\n<meta name=\"robots\" content=\"index, follow, max-snippet:-1, max-image-preview:large, max-video-preview:-1\" \/>\n<link rel=\"canonical\" href=\"https:\/\/www.longsaulttravelclinic.com\/fr\/contact-us\/\" \/>\n<meta property=\"og:locale\" content=\"fr_FR\" \/>\n<meta property=\"og:type\" content=\"article\" \/>\n<meta property=\"og:title\" content=\"Contact Us - Long Sault Travel Clinic\" \/>\n<meta property=\"og:description\" content=\"Cornwall Travel Clinic 43 Long Sault Dr, Long Sault ON K0C 1P0 Phone Number (613) 534-3777 info@longsaulttravelclinic.com Cornwall Travel Health\" \/>\n<meta property=\"og:url\" content=\"https:\/\/www.longsaulttravelclinic.com\/fr\/contact-us\/\" \/>\n<meta property=\"og:site_name\" content=\"Long Sault Travel Clinic\" \/>\n<meta property=\"article:publisher\" content=\"https:\/\/www.facebook.com\/longsaultpharmacy\/\" \/>\n<meta property=\"article:modified_time\" content=\"2026-01-31T14:46:17+00:00\" \/>\n<meta name=\"twitter:card\" content=\"summary_large_image\" \/>\n<meta name=\"twitter:label1\" content=\"Dur\u00e9e de lecture estim\u00e9e\" \/>\n\t<meta name=\"twitter:data1\" content=\"1 minute\" \/>\n<script type=\"application\/ld+json\" class=\"yoast-schema-graph\">{\"@context\":\"https:\\\/\\\/schema.org\",\"@graph\":[{\"@type\":\"WebPage\",\"@id\":\"https:\\\/\\\/www.longsaulttravelclinic.com\\\/contact-us\\\/\",\"url\":\"https:\\\/\\\/www.longsaulttravelclinic.com\\\/contact-us\\\/\",\"name\":\"Contact Us - Long Sault Travel Clinic\",\"isPartOf\":{\"@id\":\"https:\\\/\\\/www.longsaulttravelclinic.com\\\/#website\"},\"datePublished\":\"2015-11-27T18:00:51+00:00\",\"dateModified\":\"2026-01-31T14:46:17+00:00\",\"description\":\"Cornwall Travel Clinic 43 Long Sault Dr, Long Sault ON K0C 1P0 Phone Number (613) 534-3777 info@longsaulttravelclinic.com Cornwall Travel Health\",\"breadcrumb\":{\"@id\":\"https:\\\/\\\/www.longsaulttravelclinic.com\\\/contact-us\\\/#breadcrumb\"},\"inLanguage\":\"fr-FR\",\"potentialAction\":[{\"@type\":\"ReadAction\",\"target\":[\"https:\\\/\\\/www.longsaulttravelclinic.com\\\/contact-us\\\/\"]}]},{\"@type\":\"BreadcrumbList\",\"@id\":\"https:\\\/\\\/www.longsaulttravelclinic.com\\\/contact-us\\\/#breadcrumb\",\"itemListElement\":[{\"@type\":\"ListItem\",\"position\":1,\"name\":\"Home\",\"item\":\"https:\\\/\\\/www.longsaulttravelclinic.com\\\/\"},{\"@type\":\"ListItem\",\"position\":2,\"name\":\"Contact Us\"}]},{\"@type\":\"WebSite\",\"@id\":\"https:\\\/\\\/www.longsaulttravelclinic.com\\\/#website\",\"url\":\"https:\\\/\\\/www.longsaulttravelclinic.com\\\/\",\"name\":\"longsaulttravelclinic\",\"description\":\"Cornwall Area Travel Clinic\",\"publisher\":{\"@id\":\"https:\\\/\\\/www.longsaulttravelclinic.com\\\/#organization\"},\"potentialAction\":[{\"@type\":\"SearchAction\",\"target\":{\"@type\":\"EntryPoint\",\"urlTemplate\":\"https:\\\/\\\/www.longsaulttravelclinic.com\\\/?s={search_term_string}\"},\"query-input\":{\"@type\":\"PropertyValueSpecification\",\"valueRequired\":true,\"valueName\":\"search_term_string\"}}],\"inLanguage\":\"fr-FR\"},{\"@type\":\"Organization\",\"@id\":\"https:\\\/\\\/www.longsaulttravelclinic.com\\\/#organization\",\"name\":\"longsaulttravelclinic\",\"url\":\"https:\\\/\\\/www.longsaulttravelclinic.com\\\/\",\"logo\":{\"@type\":\"ImageObject\",\"inLanguage\":\"fr-FR\",\"@id\":\"https:\\\/\\\/www.longsaulttravelclinic.com\\\/#\\\/schema\\\/logo\\\/image\\\/\",\"url\":\"https:\\\/\\\/www.longsaulttravelclinic.com\\\/wp-content\\\/uploads\\\/2021\\\/06\\\/Long-Sault-Travel-Clinic-Pharmasave-Logo.jpg\",\"contentUrl\":\"https:\\\/\\\/www.longsaulttravelclinic.com\\\/wp-content\\\/uploads\\\/2021\\\/06\\\/Long-Sault-Travel-Clinic-Pharmasave-Logo.jpg\",\"width\":546,\"height\":97,\"caption\":\"longsaulttravelclinic\"},\"image\":{\"@id\":\"https:\\\/\\\/www.longsaulttravelclinic.com\\\/#\\\/schema\\\/logo\\\/image\\\/\"},\"sameAs\":[\"https:\\\/\\\/www.facebook.com\\\/longsaultpharmacy\\\/\"]}]}<\/script>\n<!-- \/ Yoast SEO plugin. -->","yoast_head_json":{"title":"Contact Us - Long Sault Travel Clinic","description":"Cornwall Travel Clinic 43 Long Sault Dr, Long Sault ON K0C 1P0 Phone Number (613) 534-3777 info@longsaulttravelclinic.com Cornwall Travel Health","robots":{"index":"index","follow":"follow","max-snippet":"max-snippet:-1","max-image-preview":"max-image-preview:large","max-video-preview":"max-video-preview:-1"},"canonical":"https:\/\/www.longsaulttravelclinic.com\/fr\/contact-us\/","og_locale":"fr_FR","og_type":"article","og_title":"Contact Us - Long Sault Travel Clinic","og_description":"Cornwall Travel Clinic 43 Long Sault Dr, Long Sault ON K0C 1P0 Phone Number (613) 534-3777 info@longsaulttravelclinic.com Cornwall Travel Health","og_url":"https:\/\/www.longsaulttravelclinic.com\/fr\/contact-us\/","og_site_name":"Long Sault Travel Clinic","article_publisher":"https:\/\/www.facebook.com\/longsaultpharmacy\/","article_modified_time":"2026-01-31T14:46:17+00:00","twitter_card":"summary_large_image","twitter_misc":{"Dur\u00e9e de lecture estim\u00e9e":"1 minute"},"schema":{"@context":"https:\/\/schema.org","@graph":[{"@type":"WebPage","@id":"https:\/\/www.longsaulttravelclinic.com\/contact-us\/","url":"https:\/\/www.longsaulttravelclinic.com\/contact-us\/","name":"Contact Us - Long Sault Travel Clinic","isPartOf":{"@id":"https:\/\/www.longsaulttravelclinic.com\/#website"},"datePublished":"2015-11-27T18:00:51+00:00","dateModified":"2026-01-31T14:46:17+00:00","description":"Cornwall Travel Clinic 43 Long Sault Dr, Long Sault ON K0C 1P0 Phone Number (613) 534-3777 info@longsaulttravelclinic.com Cornwall Travel Health","breadcrumb":{"@id":"https:\/\/www.longsaulttravelclinic.com\/contact-us\/#breadcrumb"},"inLanguage":"fr-FR","potentialAction":[{"@type":"ReadAction","target":["https:\/\/www.longsaulttravelclinic.com\/contact-us\/"]}]},{"@type":"BreadcrumbList","@id":"https:\/\/www.longsaulttravelclinic.com\/contact-us\/#breadcrumb","itemListElement":[{"@type":"ListItem","position":1,"name":"Home","item":"https:\/\/www.longsaulttravelclinic.com\/"},{"@type":"ListItem","position":2,"name":"Contact Us"}]},{"@type":"WebSite","@id":"https:\/\/www.longsaulttravelclinic.com\/#website","url":"https:\/\/www.longsaulttravelclinic.com\/","name":"longsaulttravelclinic","description":"Clinique de voyage de la r\u00e9gion de Cornwall","publisher":{"@id":"https:\/\/www.longsaulttravelclinic.com\/#organization"},"potentialAction":[{"@type":"SearchAction","target":{"@type":"EntryPoint","urlTemplate":"https:\/\/www.longsaulttravelclinic.com\/?s={search_term_string}"},"query-input":{"@type":"PropertyValueSpecification","valueRequired":true,"valueName":"search_term_string"}}],"inLanguage":"fr-FR"},{"@type":"Organization","@id":"https:\/\/www.longsaulttravelclinic.com\/#organization","name":"longsaulttravelclinic","url":"https:\/\/www.longsaulttravelclinic.com\/","logo":{"@type":"ImageObject","inLanguage":"fr-FR","@id":"https:\/\/www.longsaulttravelclinic.com\/#\/schema\/logo\/image\/","url":"https:\/\/www.longsaulttravelclinic.com\/wp-content\/uploads\/2021\/06\/Long-Sault-Travel-Clinic-Pharmasave-Logo.jpg","contentUrl":"https:\/\/www.longsaulttravelclinic.com\/wp-content\/uploads\/2021\/06\/Long-Sault-Travel-Clinic-Pharmasave-Logo.jpg","width":546,"height":97,"caption":"longsaulttravelclinic"},"image":{"@id":"https:\/\/www.longsaulttravelclinic.com\/#\/schema\/logo\/image\/"},"sameAs":["https:\/\/www.facebook.com\/longsaultpharmacy\/"]}]}},"_links":{"self":[{"href":"https:\/\/www.longsaulttravelclinic.com\/fr\/wp-json\/wp\/v2\/pages\/117","targetHints":{"allow":["GET"]}}],"collection":[{"href":"https:\/\/www.longsaulttravelclinic.com\/fr\/wp-json\/wp\/v2\/pages"}],"about":[{"href":"https:\/\/www.longsaulttravelclinic.com\/fr\/wp-json\/wp\/v2\/types\/page"}],"author":[{"embeddable":true,"href":"https:\/\/www.longsaulttravelclinic.com\/fr\/wp-json\/wp\/v2\/users\/1"}],"replies":[{"embeddable":true,"href":"https:\/\/www.longsaulttravelclinic.com\/fr\/wp-json\/wp\/v2\/comments?post=117"}],"version-history":[{"count":29,"href":"https:\/\/www.longsaulttravelclinic.com\/fr\/wp-json\/wp\/v2\/pages\/117\/revisions"}],"predecessor-version":[{"id":9951,"href":"https:\/\/www.longsaulttravelclinic.com\/fr\/wp-json\/wp\/v2\/pages\/117\/revisions\/9951"}],"wp:attachment":[{"href":"https:\/\/www.longsaulttravelclinic.com\/fr\/wp-json\/wp\/v2\/media?parent=117"}],"curies":[{"name":"wp","href":"https:\/\/api.w.org\/{rel}","templated":true}]}}