{"id":307,"date":"2015-12-03T23:30:13","date_gmt":"2015-12-03T23:30:13","guid":{"rendered":"http:\/\/export-xml.qreativethemes.com\/physio\/?page_id=307"},"modified":"2026-04-04T21:23:26","modified_gmt":"2026-04-05T01:23:26","slug":"travel-consultation","status":"publish","type":"page","link":"https:\/\/www.longsaulttravelclinic.com\/fr\/services\/travel-consultation\/","title":{"rendered":"Consultation de voyage - Sant\u00e9 voyage \u00e0 Cornwall | R\u00e9gion de Long Sault"},"content":{"rendered":"<div class=\"wp-block-columns is-layout-flex wp-container-core-columns-is-layout-9d6595d7 wp-block-columns-is-layout-flex\">\n<div class=\"wp-block-column is-layout-flow wp-block-column-is-layout-flow\">\n<figure class=\"wp-block-image size-full\"><a href=\"https:\/\/www.longsaulttravelclinic.com\/wp-content\/uploads\/2018\/05\/Optimized-activity-adult-adventure-3441001.jpg\"><img decoding=\"async\" width=\"850\" height=\"565\" src=\"https:\/\/www.longsaulttravelclinic.com\/wp-content\/uploads\/2018\/05\/Optimized-activity-adult-adventure-3441001.jpg\" alt=\"Pharmacist at Cornwall Travel Clinic for travel vaccination\" class=\"wp-image-7739\" srcset=\"https:\/\/www.longsaulttravelclinic.com\/wp-content\/uploads\/2018\/05\/Optimized-activity-adult-adventure-3441001.jpg 850w, https:\/\/www.longsaulttravelclinic.com\/wp-content\/uploads\/2018\/05\/Optimized-activity-adult-adventure-3441001-300x199.jpg 300w, https:\/\/www.longsaulttravelclinic.com\/wp-content\/uploads\/2018\/05\/Optimized-activity-adult-adventure-3441001-768x510.jpg 768w, https:\/\/www.longsaulttravelclinic.com\/wp-content\/uploads\/2018\/05\/Optimized-activity-adult-adventure-3441001-360x240.jpg 360w, https:\/\/www.longsaulttravelclinic.com\/wp-content\/uploads\/2018\/05\/Optimized-activity-adult-adventure-3441001-272x182.jpg 272w\" sizes=\"(max-width: 850px) 100vw, 850px\" \/><\/a><\/figure>\n<\/div>\n\n\n\n<div class=\"wp-block-column is-layout-flow wp-block-column-is-layout-flow\">\n<figure class=\"wp-block-image size-full\"><a href=\"https:\/\/www.longsaulttravelclinic.com\/wp-content\/uploads\/2018\/05\/Optimized-adult-backlit-bottles-697244.jpg\"><img decoding=\"async\" width=\"850\" height=\"566\" src=\"https:\/\/www.longsaulttravelclinic.com\/wp-content\/uploads\/2018\/05\/Optimized-adult-backlit-bottles-697244.jpg\" alt=\"Cornwall Travel Clinic travel centre for travel vaccines\" class=\"wp-image-7742\" srcset=\"https:\/\/www.longsaulttravelclinic.com\/wp-content\/uploads\/2018\/05\/Optimized-adult-backlit-bottles-697244.jpg 850w, https:\/\/www.longsaulttravelclinic.com\/wp-content\/uploads\/2018\/05\/Optimized-adult-backlit-bottles-697244-300x200.jpg 300w, https:\/\/www.longsaulttravelclinic.com\/wp-content\/uploads\/2018\/05\/Optimized-adult-backlit-bottles-697244-768x511.jpg 768w, https:\/\/www.longsaulttravelclinic.com\/wp-content\/uploads\/2018\/05\/Optimized-adult-backlit-bottles-697244-360x240.jpg 360w, https:\/\/www.longsaulttravelclinic.com\/wp-content\/uploads\/2018\/05\/Optimized-adult-backlit-bottles-697244-272x182.jpg 272w\" sizes=\"(max-width: 850px) 100vw, 850px\" \/><\/a><\/figure>\n<\/div>\n<\/div>\n\n\n<div id=\"pl-307\" class=\"panel-layout\">\n<div id=\"pg-307-0\" class=\"panel-grid panel-no-style\" data-style=\"{&quot;background_image_attachment&quot;:false,&quot;background_display&quot;:&quot;tile&quot;,&quot;bottom_margin&quot;:&quot;0px&quot;,&quot;cell_alignment&quot;:&quot;flex-start&quot;}\">\n<div id=\"pgc-307-0-0\" class=\"panel-grid-cell\" data-weight=\"0.5\">\n<div id=\"panel-307-0-0-0\" class=\"so-panel widget widget_sow-editor panel-first-child panel-last-child\" data-index=\"0\" data-style=\"{&quot;background_image_attachment&quot;:false,&quot;background_display&quot;:&quot;tile&quot;,&quot;big_widget_title&quot;:&quot;&quot;,&quot;small_widget_title&quot;:&quot;&quot;,&quot;white_widget_title&quot;:&quot;&quot;,&quot;featured_box&quot;:&quot;&quot;,&quot;white_featured_box&quot;:&quot;&quot;}\">\n<div class=\"so-widget-sow-editor so-widget-sow-editor-base\">\n<div class=\"siteorigin-widget-tinymce textwidget\">\n<h2 style=\"text-align: left;\"><strong style=\"color: revert; font-size: revert;\">Vous partez en vacances ?<\/strong><\/h2>\n<\/div>\n<\/div>\n<\/div>\n<\/div>\n<\/div>\n<div id=\"pg-307-1\" class=\"panel-grid panel-no-style\" data-style=\"{&quot;background_image_attachment&quot;:false,&quot;background_display&quot;:&quot;tile&quot;,&quot;cell_alignment&quot;:&quot;flex-start&quot;}\" data-ratio=\"1\" data-ratio-direction=\"right\">\n<div id=\"pgc-307-1-0\" class=\"panel-grid-cell\" data-style=\"{&quot;background_image_attachment&quot;:false,&quot;background_display&quot;:&quot;tile&quot;,&quot;vertical_alignment&quot;:&quot;auto&quot;}\" data-weight=\"1\">\n<div id=\"panel-307-1-0-0\" class=\"so-panel widget widget_sow-editor panel-first-child panel-last-child\" data-index=\"2\" data-style=\"{&quot;background_image_attachment&quot;:false,&quot;background_display&quot;:&quot;tile&quot;,&quot;big_widget_title&quot;:&quot;&quot;,&quot;small_widget_title&quot;:&quot;&quot;,&quot;white_widget_title&quot;:&quot;&quot;,&quot;featured_box&quot;:&quot;&quot;,&quot;white_featured_box&quot;:&quot;&quot;}\">\n<div class=\"so-widget-sow-editor so-widget-sow-editor-base\">\n<div class=\"siteorigin-widget-tinymce textwidget\">\n<p>Our pharmacists at Cornwall Area Travel Clinic can <b>administer your travel vaccines<\/b> and provide you and your family with the health information you need to have a safe and memorable vacation. We even have a <a title=\"Certifi\u00e9 Expert En Sant\u00e9-Voyage\" href=\"http:\/\/www.istm.org\/aboutcth\" target=\"_blank\" rel=\"noopener\">Sant\u00e9 Voyage Certifi\u00e9e (CTH)<\/a> on staff that also specializes in yellow fever vaccination. We strive to stay up-to-date with the most recent travel health information and advisories.<\/p>\n<p>Voyager est un excellent moyen d'\u00e9largir vos horizons, de d\u00e9couvrir diff\u00e9rentes cultures et de cr\u00e9er des souvenirs inoubliables. Cependant, vous pouvez potentiellement \u00eatre expos\u00e9 \u00e0 un certain nombre de maladies diff\u00e9rentes \u00e0 l'\u00e9tranger. Bon nombre de ces maladies peuvent \u00eatre facilement \u00e9vit\u00e9es gr\u00e2ce \u00e0 des mesures de s\u00e9curit\u00e9 et \u00e0 la vaccination appropri\u00e9es.<\/p>\n<h2><strong>Notre service<\/strong><\/h2>\n<p>Give us a call or book online and let us know the destination(s) of your travels.  Our <a href=\"http:\/\/www.istm.org\/aboutcth\" target=\"_blank\" rel=\"noopener\">Sant\u00e9 Voyage Certifi\u00e9e (CTH)<\/a> pharmacien effectue une <strong>bilan de sant\u00e9 avant le voyage<\/strong> pour vous et vos compagnons de voyage en personne, par t\u00e9l\u00e9phone ou en ligne. Le co\u00fbt de la consultation individuelle est <strong>(des consultations virtuelles et des remises de groupe existent \u2013 <a href=\"https:\/\/www.longsaulttravelclinic.com\/fr\/price-list\/\">voir la liste des prix<\/a>) <\/strong>and takes about 30-60 Mins. This fee includes the cost of administering the injections but not the vaccines supplies and\/or antibiotics themselves. The pre-travel health assessment allows us to assess your needs based on factors such as:<\/p>\n<ul>\n<li><strong><em>\u00c0ge<\/em><\/strong><\/li>\n<li><strong><em>Sexe<\/em><\/strong><\/li>\n<li><strong><em>Conditions m\u00e9dicales pr\u00e9existantes <\/em><\/strong><\/li>\n<li><strong><em>Conditions locales<\/em><\/strong><\/li>\n<li><strong><em>Destination<\/em><\/strong><\/li>\n<li><strong><em>Dur\u00e9e du s\u00e9jour<\/em><\/strong><\/li>\n<li><strong><em>Climat et saison<\/em><\/strong><\/li>\n<li><strong><em>Type d'h\u00e9bergement<\/em><\/strong><\/li>\n<li><strong><em>Statut vaccinal<\/em><\/strong><\/li>\n<li><strong><em>Activit\u00e9s et itin\u00e9raire<\/em><\/strong><\/li>\n<li><strong><em>\u00c9tat de sant\u00e9 actuel<\/em><\/strong><\/li>\n<\/ul>\n<p>Nous utiliserons ces informations et collaborerons avec votre m\u00e9decin pour garantir la s\u00e9curit\u00e9 de vos vacances en fournissant\u00a0:<\/p>\n<ul>\n<li><strong><em>Les vaccinations n\u00e9cessaires pour les maladies auxquelles vous pourriez \u00eatre expos\u00e9 \u00e0 l'\u00e9tranger.<\/em><\/strong><\/li>\n<\/ul>\n<ul>\n<li><strong><em>M\u00e9dicaments pr\u00e9ventifs pour des conditions telles que le paludisme et les maladies gastro-intestinales, etc.<\/em><\/strong><\/li>\n<li><strong><em>Informations sp\u00e9cifiques concernant la fi\u00e8vre jaune et autres informations et pr\u00e9cautions que vous pouvez prendre \u00e0 votre destination.<\/em><\/strong><\/li>\n<\/ul>\n<p class=\"translation-block\">Nous vous recommandons \u00e9galement de r\u00e9server votre rendez-vous d'\u00e9valuation de la sant\u00e9\/d'administration des vaccins avant le voyage au moins <strong>6\u00a0semaines<\/strong> avant le d\u00e9part. En effet, certains vaccins n\u00e9cessitent plus d'une dose et certains vaccins ne peuvent pas \u00eatre administr\u00e9s en m\u00eame temps que d'autres. De plus, cela peut prendre plusieurs semaines apr\u00e8s l'administration du vaccin pour que vous ayez une protection maximale contre une maladie.<\/p>\n<\/div>\n<\/div>\n<\/div>\n<\/div>\n<\/div>\n<\/div>\n\n\n<hr class=\"wp-block-separator has-alpha-channel-opacity\"\/>\n\n\n\n<div style=\"height:15px\" aria-hidden=\"true\" class=\"wp-block-spacer\"><\/div>\n\n\n\n<h2 class=\"wp-block-heading has-text-align-center\">Book Your Travel Consultation<\/h2>\n\n\n\n<div style=\"height:20px\" aria-hidden=\"true\" class=\"wp-block-spacer\"><\/div>\n\n\n\n<style>\n.travel-booking-cards {\n  display: flex;\n  gap: 24px;\n  align-items: stretch;\n}\n.travel-booking-cards .booking-card {\n  flex: 1;\n  border: 1px solid #dd3433;\n  border-radius: 6px;\n  padding: 30px;\n  display: flex;\n  flex-direction: column;\n  align-items: center;\n  text-align: center;\n  box-sizing: border-box;\n}\n.travel-booking-cards .booking-card h4 {\n  margin-bottom: 12px;\n}\n.travel-booking-cards .booking-card p {\n  flex-grow: 1;\n  margin-bottom: 20px;\n}\n.travel-booking-card-btn {\n  display: inline-block;\n  background-color: #dd3433;\n  color: #ffffff !important;\n  border-radius: 4px;\n  padding: 12px 24px;\n  text-decoration: none;\n  font-weight: 600;\n  transition: background-color 0.2s ease;\n}\n.travel-booking-card-btn:hover {\n  background-color: #e96160 !important;\n  color: #ffffff !important;\n  text-decoration: none;\n}\n@media (max-width: 600px) {\n  .travel-booking-cards {\n    flex-direction: column;\n  }\n}\n<\/style>\n\n<div class=\"travel-booking-cards\">\n\n  <div class=\"booking-card\">\n    <h4>\ud83d\udccd Ingleside Pharmacy<\/h4>\n    <p>Travel Health Consultation<br><em>Payment is due in-store at the time of your appointment.<\/em><\/p>\n    <a class=\"travel-booking-card-btn\" href=\"https:\/\/inglesidepharmacy.medmeapp.ca\/schedule\/activity\/travel-consultation-longsault?province=ON\">Book at Ingleside<\/a>\n  <\/div>\n\n  <div class=\"booking-card\">\n    <h4>\ud83d\udccd Long Sault Pharmacy (Pure Health)<\/h4>\n    <p>Travel Health Consultation<br><em>Appointments managed by our nurse practitioner at Pharmasave Long Sault.<\/em><\/p>\n    <a class=\"travel-booking-card-btn\" href=\"https:\/\/purehealth.cortico.ca\/book\/travel-consultation\/\">Book at Long Sault<\/a>\n  <\/div>\n\n<\/div>\n\n\n\n<div style=\"height:40px\" aria-hidden=\"true\" class=\"wp-block-spacer\"><\/div>","protected":false},"excerpt":{"rendered":"<p>Nos pharmaciens peuvent administrer vos vaccins de voyage et fournir \u00e0 vous et \u00e0 votre famille les informations de sant\u00e9 n\u00e9cessaires pour profiter d\u2019un voyage s\u00fbr et m\u00e9morable.<\/p>","protected":false},"author":1,"featured_media":8609,"parent":110,"menu_order":0,"comment_status":"closed","ping_status":"closed","template":"","meta":{"_acf_changed":false,"footnotes":""},"class_list":["post-307","page","type-page","status-publish","has-post-thumbnail","hentry"],"acf":[],"yoast_head":"<!-- This site is optimized with the Yoast SEO plugin v27.4 - https:\/\/yoast.com\/product\/yoast-seo-wordpress\/ -->\n<title>Cornwall Travel Health - Travel Consultation \/ Cornwall Long Sault Region<\/title>\n<meta name=\"description\" content=\"Cornwall Travel Health - We administer your travel vaccines and the health information you need to have a safe and memorable vacation\" \/>\n<meta name=\"robots\" content=\"index, follow, max-snippet:-1, max-image-preview:large, max-video-preview:-1\" \/>\n<link rel=\"canonical\" href=\"https:\/\/www.longsaulttravelclinic.com\/fr\/services\/travel-consultation\/\" \/>\n<meta property=\"og:locale\" content=\"fr_FR\" \/>\n<meta property=\"og:type\" content=\"article\" \/>\n<meta property=\"og:title\" content=\"Cornwall Travel Health - Travel Consultation\" \/>\n<meta property=\"og:description\" content=\"Cornwall Travel Health - We administer your travel vaccines and the health information you need to have a safe and memorable vacation\" \/>\n<meta property=\"og:url\" content=\"https:\/\/www.longsaulttravelclinic.com\/fr\/services\/travel-consultation\/\" \/>\n<meta property=\"og:site_name\" content=\"Long Sault Travel Clinic\" \/>\n<meta property=\"article:publisher\" content=\"https:\/\/www.facebook.com\/longsaultpharmacy\/\" \/>\n<meta property=\"article:modified_time\" content=\"2026-04-05T01:23:26+00:00\" \/>\n<meta property=\"og:image\" content=\"https:\/\/www.longsaulttravelclinic.com\/wp-content\/uploads\/2021\/06\/Long-Sault-Travel-Clinic-Travel-Consultation.jpg\" \/>\n\t<meta property=\"og:image:width\" content=\"800\" \/>\n\t<meta property=\"og:image:height\" content=\"533\" \/>\n\t<meta property=\"og:image:type\" content=\"image\/jpeg\" \/>\n<meta name=\"twitter:card\" content=\"summary_large_image\" \/>\n<meta name=\"twitter:label1\" content=\"Dur\u00e9e de lecture estim\u00e9e\" \/>\n\t<meta name=\"twitter:data1\" content=\"3 minutes\" \/>\n<script type=\"application\/ld+json\" class=\"yoast-schema-graph\">{\"@context\":\"https:\\\/\\\/schema.org\",\"@graph\":[{\"@type\":\"WebPage\",\"@id\":\"https:\\\/\\\/www.longsaulttravelclinic.com\\\/services\\\/travel-consultation\\\/\",\"url\":\"https:\\\/\\\/www.longsaulttravelclinic.com\\\/services\\\/travel-consultation\\\/\",\"name\":\"Cornwall Travel Health - Travel Consultation \\\/ Cornwall Long Sault Region\",\"isPartOf\":{\"@id\":\"https:\\\/\\\/www.longsaulttravelclinic.com\\\/#website\"},\"primaryImageOfPage\":{\"@id\":\"https:\\\/\\\/www.longsaulttravelclinic.com\\\/services\\\/travel-consultation\\\/#primaryimage\"},\"image\":{\"@id\":\"https:\\\/\\\/www.longsaulttravelclinic.com\\\/services\\\/travel-consultation\\\/#primaryimage\"},\"thumbnailUrl\":\"https:\\\/\\\/www.longsaulttravelclinic.com\\\/wp-content\\\/uploads\\\/2021\\\/06\\\/Long-Sault-Travel-Clinic-Travel-Consultation.jpg\",\"datePublished\":\"2015-12-03T23:30:13+00:00\",\"dateModified\":\"2026-04-05T01:23:26+00:00\",\"description\":\"Cornwall Travel Health - We administer your travel vaccines and the health information you need to have a safe and memorable vacation\",\"breadcrumb\":{\"@id\":\"https:\\\/\\\/www.longsaulttravelclinic.com\\\/services\\\/travel-consultation\\\/#breadcrumb\"},\"inLanguage\":\"fr-FR\",\"potentialAction\":[{\"@type\":\"ReadAction\",\"target\":[\"https:\\\/\\\/www.longsaulttravelclinic.com\\\/services\\\/travel-consultation\\\/\"]}]},{\"@type\":\"ImageObject\",\"inLanguage\":\"fr-FR\",\"@id\":\"https:\\\/\\\/www.longsaulttravelclinic.com\\\/services\\\/travel-consultation\\\/#primaryimage\",\"url\":\"https:\\\/\\\/www.longsaulttravelclinic.com\\\/wp-content\\\/uploads\\\/2021\\\/06\\\/Long-Sault-Travel-Clinic-Travel-Consultation.jpg\",\"contentUrl\":\"https:\\\/\\\/www.longsaulttravelclinic.com\\\/wp-content\\\/uploads\\\/2021\\\/06\\\/Long-Sault-Travel-Clinic-Travel-Consultation.jpg\",\"width\":800,\"height\":533},{\"@type\":\"BreadcrumbList\",\"@id\":\"https:\\\/\\\/www.longsaulttravelclinic.com\\\/services\\\/travel-consultation\\\/#breadcrumb\",\"itemListElement\":[{\"@type\":\"ListItem\",\"position\":1,\"name\":\"Home\",\"item\":\"https:\\\/\\\/www.longsaulttravelclinic.com\\\/\"},{\"@type\":\"ListItem\",\"position\":2,\"name\":\"Services\",\"item\":\"https:\\\/\\\/www.longsaulttravelclinic.com\\\/services\\\/\"},{\"@type\":\"ListItem\",\"position\":3,\"name\":\"Travel Consultation &#8211; Cornwall Travel Health | Long Sault Region\"}]},{\"@type\":\"WebSite\",\"@id\":\"https:\\\/\\\/www.longsaulttravelclinic.com\\\/#website\",\"url\":\"https:\\\/\\\/www.longsaulttravelclinic.com\\\/\",\"name\":\"longsaulttravelclinic\",\"description\":\"Cornwall Area Travel Clinic\",\"publisher\":{\"@id\":\"https:\\\/\\\/www.longsaulttravelclinic.com\\\/#organization\"},\"potentialAction\":[{\"@type\":\"SearchAction\",\"target\":{\"@type\":\"EntryPoint\",\"urlTemplate\":\"https:\\\/\\\/www.longsaulttravelclinic.com\\\/?s={search_term_string}\"},\"query-input\":{\"@type\":\"PropertyValueSpecification\",\"valueRequired\":true,\"valueName\":\"search_term_string\"}}],\"inLanguage\":\"fr-FR\"},{\"@type\":\"Organization\",\"@id\":\"https:\\\/\\\/www.longsaulttravelclinic.com\\\/#organization\",\"name\":\"longsaulttravelclinic\",\"url\":\"https:\\\/\\\/www.longsaulttravelclinic.com\\\/\",\"logo\":{\"@type\":\"ImageObject\",\"inLanguage\":\"fr-FR\",\"@id\":\"https:\\\/\\\/www.longsaulttravelclinic.com\\\/#\\\/schema\\\/logo\\\/image\\\/\",\"url\":\"https:\\\/\\\/www.longsaulttravelclinic.com\\\/wp-content\\\/uploads\\\/2021\\\/06\\\/Long-Sault-Travel-Clinic-Pharmasave-Logo.jpg\",\"contentUrl\":\"https:\\\/\\\/www.longsaulttravelclinic.com\\\/wp-content\\\/uploads\\\/2021\\\/06\\\/Long-Sault-Travel-Clinic-Pharmasave-Logo.jpg\",\"width\":546,\"height\":97,\"caption\":\"longsaulttravelclinic\"},\"image\":{\"@id\":\"https:\\\/\\\/www.longsaulttravelclinic.com\\\/#\\\/schema\\\/logo\\\/image\\\/\"},\"sameAs\":[\"https:\\\/\\\/www.facebook.com\\\/longsaultpharmacy\\\/\"]}]}<\/script>\n<!-- \/ Yoast SEO plugin. -->","yoast_head_json":{"title":"Cornwall Travel Health - Travel Consultation \/ Cornwall Long Sault Region","description":"Cornwall Travel Health - We administer your travel vaccines and the health information you need to have a safe and memorable vacation","robots":{"index":"index","follow":"follow","max-snippet":"max-snippet:-1","max-image-preview":"max-image-preview:large","max-video-preview":"max-video-preview:-1"},"canonical":"https:\/\/www.longsaulttravelclinic.com\/fr\/services\/travel-consultation\/","og_locale":"fr_FR","og_type":"article","og_title":"Cornwall Travel Health - Travel Consultation","og_description":"Cornwall Travel Health - We administer your travel vaccines and the health information you need to have a safe and memorable vacation","og_url":"https:\/\/www.longsaulttravelclinic.com\/fr\/services\/travel-consultation\/","og_site_name":"Long Sault Travel Clinic","article_publisher":"https:\/\/www.facebook.com\/longsaultpharmacy\/","article_modified_time":"2026-04-05T01:23:26+00:00","og_image":[{"width":800,"height":533,"url":"https:\/\/www.longsaulttravelclinic.com\/wp-content\/uploads\/2021\/06\/Long-Sault-Travel-Clinic-Travel-Consultation.jpg","type":"image\/jpeg"}],"twitter_card":"summary_large_image","twitter_misc":{"Dur\u00e9e de lecture estim\u00e9e":"3 minutes"},"schema":{"@context":"https:\/\/schema.org","@graph":[{"@type":"WebPage","@id":"https:\/\/www.longsaulttravelclinic.com\/services\/travel-consultation\/","url":"https:\/\/www.longsaulttravelclinic.com\/services\/travel-consultation\/","name":"Cornwall Travel Health - Travel Consultation \/ Cornwall Long Sault Region","isPartOf":{"@id":"https:\/\/www.longsaulttravelclinic.com\/#website"},"primaryImageOfPage":{"@id":"https:\/\/www.longsaulttravelclinic.com\/services\/travel-consultation\/#primaryimage"},"image":{"@id":"https:\/\/www.longsaulttravelclinic.com\/services\/travel-consultation\/#primaryimage"},"thumbnailUrl":"https:\/\/www.longsaulttravelclinic.com\/wp-content\/uploads\/2021\/06\/Long-Sault-Travel-Clinic-Travel-Consultation.jpg","datePublished":"2015-12-03T23:30:13+00:00","dateModified":"2026-04-05T01:23:26+00:00","description":"Cornwall Travel Health - We administer your travel vaccines and the health information you need to have a safe and memorable vacation","breadcrumb":{"@id":"https:\/\/www.longsaulttravelclinic.com\/services\/travel-consultation\/#breadcrumb"},"inLanguage":"fr-FR","potentialAction":[{"@type":"ReadAction","target":["https:\/\/www.longsaulttravelclinic.com\/services\/travel-consultation\/"]}]},{"@type":"ImageObject","inLanguage":"fr-FR","@id":"https:\/\/www.longsaulttravelclinic.com\/services\/travel-consultation\/#primaryimage","url":"https:\/\/www.longsaulttravelclinic.com\/wp-content\/uploads\/2021\/06\/Long-Sault-Travel-Clinic-Travel-Consultation.jpg","contentUrl":"https:\/\/www.longsaulttravelclinic.com\/wp-content\/uploads\/2021\/06\/Long-Sault-Travel-Clinic-Travel-Consultation.jpg","width":800,"height":533},{"@type":"BreadcrumbList","@id":"https:\/\/www.longsaulttravelclinic.com\/services\/travel-consultation\/#breadcrumb","itemListElement":[{"@type":"ListItem","position":1,"name":"Home","item":"https:\/\/www.longsaulttravelclinic.com\/"},{"@type":"ListItem","position":2,"name":"Services","item":"https:\/\/www.longsaulttravelclinic.com\/services\/"},{"@type":"ListItem","position":3,"name":"Travel Consultation &#8211; Cornwall Travel Health | Long Sault Region"}]},{"@type":"WebSite","@id":"https:\/\/www.longsaulttravelclinic.com\/#website","url":"https:\/\/www.longsaulttravelclinic.com\/","name":"longsaulttravelclinic","description":"Clinique de voyage de la r\u00e9gion de Cornwall","publisher":{"@id":"https:\/\/www.longsaulttravelclinic.com\/#organization"},"potentialAction":[{"@type":"SearchAction","target":{"@type":"EntryPoint","urlTemplate":"https:\/\/www.longsaulttravelclinic.com\/?s={search_term_string}"},"query-input":{"@type":"PropertyValueSpecification","valueRequired":true,"valueName":"search_term_string"}}],"inLanguage":"fr-FR"},{"@type":"Organization","@id":"https:\/\/www.longsaulttravelclinic.com\/#organization","name":"longsaulttravelclinic","url":"https:\/\/www.longsaulttravelclinic.com\/","logo":{"@type":"ImageObject","inLanguage":"fr-FR","@id":"https:\/\/www.longsaulttravelclinic.com\/#\/schema\/logo\/image\/","url":"https:\/\/www.longsaulttravelclinic.com\/wp-content\/uploads\/2021\/06\/Long-Sault-Travel-Clinic-Pharmasave-Logo.jpg","contentUrl":"https:\/\/www.longsaulttravelclinic.com\/wp-content\/uploads\/2021\/06\/Long-Sault-Travel-Clinic-Pharmasave-Logo.jpg","width":546,"height":97,"caption":"longsaulttravelclinic"},"image":{"@id":"https:\/\/www.longsaulttravelclinic.com\/#\/schema\/logo\/image\/"},"sameAs":["https:\/\/www.facebook.com\/longsaultpharmacy\/"]}]}},"_links":{"self":[{"href":"https:\/\/www.longsaulttravelclinic.com\/fr\/wp-json\/wp\/v2\/pages\/307","targetHints":{"allow":["GET"]}}],"collection":[{"href":"https:\/\/www.longsaulttravelclinic.com\/fr\/wp-json\/wp\/v2\/pages"}],"about":[{"href":"https:\/\/www.longsaulttravelclinic.com\/fr\/wp-json\/wp\/v2\/types\/page"}],"author":[{"embeddable":true,"href":"https:\/\/www.longsaulttravelclinic.com\/fr\/wp-json\/wp\/v2\/users\/1"}],"replies":[{"embeddable":true,"href":"https:\/\/www.longsaulttravelclinic.com\/fr\/wp-json\/wp\/v2\/comments?post=307"}],"version-history":[{"count":108,"href":"https:\/\/www.longsaulttravelclinic.com\/fr\/wp-json\/wp\/v2\/pages\/307\/revisions"}],"predecessor-version":[{"id":9959,"href":"https:\/\/www.longsaulttravelclinic.com\/fr\/wp-json\/wp\/v2\/pages\/307\/revisions\/9959"}],"up":[{"embeddable":true,"href":"https:\/\/www.longsaulttravelclinic.com\/fr\/wp-json\/wp\/v2\/pages\/110"}],"wp:featuredmedia":[{"embeddable":true,"href":"https:\/\/www.longsaulttravelclinic.com\/fr\/wp-json\/wp\/v2\/media\/8609"}],"wp:attachment":[{"href":"https:\/\/www.longsaulttravelclinic.com\/fr\/wp-json\/wp\/v2\/media?parent=307"}],"curies":[{"name":"wp","href":"https:\/\/api.w.org\/{rel}","templated":true}]}}