{"id":320,"date":"2015-12-04T11:47:57","date_gmt":"2015-12-04T11:47:57","guid":{"rendered":"http:\/\/export-xml.qreativethemes.com\/physio\/?page_id=320"},"modified":"2025-10-09T17:49:32","modified_gmt":"2025-10-09T21:49:32","slug":"price-list","status":"publish","type":"page","link":"https:\/\/www.longsaulttravelclinic.com\/fr\/price-list\/","title":{"rendered":"Liste de prix"},"content":{"rendered":"<div id=\"pl-320\"  class=\"panel-layout\" ><div id=\"pg-320-0\"  class=\"panel-grid panel-no-style\" ><div id=\"pgc-320-0-0\"  class=\"panel-grid-cell\" ><div id=\"panel-320-0-0-0\" class=\"so-panel widget widget_sow-editor panel-first-child panel-last-child\" data-index=\"0\" ><div\n\t\t\t\n\t\t\tclass=\"so-widget-sow-editor so-widget-sow-editor-base\"\n\t\t\t\n\t\t><h3 class=\"widget-title\">  Informations Compl\u00e9mentaires <\/h3>\n<div class=\"siteorigin-widget-tinymce textwidget\">\n\t<p>Le Centre de voyage de Cornwall est une clinique de voyage payante, ce qui signifie que nous percevons le paiement au moment du service (esp\u00e8ces, carte de cr\u00e9dit et ch\u00e8que). Apr\u00e8s chaque s\u00e9ance, nous enverrons un e-mail ou fournirons une facture d\u00e9taill\u00e9e \u00e0 nos patients afin que ceux qui sont int\u00e9ress\u00e9s par un remboursement puissent la soumettre ind\u00e9pendamment \u00e0 leurs compagnies d'assurance. Alors que la plupart des compagnies d'assurance couvrent le co\u00fbt des m\u00e9dicaments. Il n'y a aucune garantie qu'ils couvriraient le co\u00fbt de la consultation. S'il vous pla\u00eet consulter votre compagnie d'assurance pour plus d'informations. Veuillez vous assurer de remplir le Centre de voyage de Cornwall <a href=\"https:\/\/www.longsaulttravelclinic.com\/wp-content\/uploads\/2022\/04\/Long-Sault-Travel-Questionnaire.pdf\" target=\"_blank\" rel=\"noopener\">Formulaire d\u2019\u00e9valuation de la sant\u00e9<\/a> pour chaque participant \u00e0 la consultation.<\/p>\n<p>&nbsp;<\/p>\n<\/div>\n<\/div><\/div><\/div><\/div><div id=\"pg-320-1\"  class=\"panel-grid panel-no-style\" ><div id=\"pgc-320-1-0\"  class=\"panel-grid-cell\" ><div id=\"panel-320-1-0-0\" class=\"so-panel widget widget_text panel-first-child panel-last-child\" data-index=\"1\" >\t\t\t<div class=\"textwidget\"><h3>Consultation d\u2019une seule personne<\/h3>\n<table class=\"custom-table\">\n\t<thead>\n\t\t<tr>\n\t\t\t<td>Type<\/td>\n\t\t\t<td>S\u00e9ance<\/td>\n\t\t\t<td>Prix<\/td>\n\t\t<\/tr>\n\t<\/thead>\n\t<tbody>\n\t\t<tr>\n\t\t\t<td>Evaluation<\/td>\n\t\t\t<td>60 minutes<\/td>\n\t\t\t<td>$70 for 1 person<\/td>\n\t\t<\/tr>\n\t<\/tbody>\n<\/table><\/div>\n\t\t<\/div><\/div><div id=\"pgc-320-1-1\"  class=\"panel-grid-cell\" ><div id=\"panel-320-1-1-0\" class=\"so-panel widget widget_text panel-first-child panel-last-child\" data-index=\"2\" >\t\t\t<div class=\"textwidget\"><h3>Consultation de groupe<\/h3>\n<table class=\"custom-table\">\n\t<thead>\n\t\t<tr>\n\t\t\t<td>Type<\/td>\n\t\t\t<td>S\u00e9ance<\/td>\n\t\t\t<td>Prix<\/td>\n\t\t<\/tr>\n\t<\/thead>\n\t<tbody>\n\t\t<tr>\n\t\t\t<td>Groupe de 2<\/td>\n\t\t\t<td>60-90 minutes<\/td>\n\t\t\t<td>$100<\/td>\n\t\t<\/tr>\n                 <tr>\n\t\t\t<td>Groupe de 3<\/td>\n\t\t\t<td>90 -120 minutes<\/td>\n\t\t\t<td>$130<\/td>\n\t\t<\/tr>\n\t\t<tr>\n\t\t\t<td>Groupe de 4+<\/td>\n\t\t\t<td>90-120 minutes<\/td>\n\t\t\t<td>25\u00a0$ pour chaque personne de plus de 3 ans<\/td>\n\t\t<\/tr>\n\t<\/tbody>\n<\/table><\/div>\n\t\t<\/div><\/div><\/div><div id=\"pg-320-2\"  class=\"panel-grid panel-no-style\" ><div id=\"pgc-320-2-0\"  class=\"panel-grid-cell\" ><div id=\"panel-320-2-0-0\" class=\"so-panel widget widget_text panel-first-child panel-last-child\" data-index=\"3\" >\t\t\t<div class=\"textwidget\"><p><strong>VACCINS QUE NOUS PROPOSONS<br \/>\n<\/strong><\/p>\n<\/div>\n\t\t<\/div><\/div><\/div><div id=\"pg-320-3\"  class=\"panel-grid panel-no-style\" ><div id=\"pgc-320-3-0\"  class=\"panel-grid-cell\" ><div id=\"panel-320-3-0-0\" class=\"so-panel widget widget_text panel-first-child panel-last-child\" data-index=\"4\" >\t\t\t<div class=\"textwidget\"><p class=\"translation-block\"><strong>Polio\u00a0:<\/strong>\u00a0gratuit\u00a0: une dose suffit si elle est prise pendant l'enfance.<\/p>\n<p><strong>Rage:<\/strong>\u00a0 Pr\u00e9ventif 3 doses sur 3-4 semaines.<strong><br \/>\n<\/strong><br \/>\n<strong>T\u00e9tanos-dipht\u00e9rie-(coqueluche):<\/strong>\u00a0Sans frais \u2013 Une fois tous les 10 ans.<\/p>\n<p><strong>Enc\u00e9phalite \u00e0 tiques :<\/strong> Actuellement indisponible.<\/p>\n<p><strong>Twinrix:<\/strong> 3 doses. Hepatitis A and B combined.<\/p>\n<p><strong>Twinrix Junior:<\/strong> 3 doses. H\u00e9patite A et B combin\u00e9es<strong>.<br \/>\n<\/strong><br \/>\n<strong>Typho\u00efde: <\/strong>Dure 2-3 ans.<\/p>\n<p><strong>Vivaxime\u00a0:<\/strong> H\u00e9patite A et typho\u00efde combin\u00e9es<strong><br \/>\n<\/strong><\/p>\n<p><strong>RMM\u00a0:<\/strong> Gratuit \u2013 Rougeole-oreillons-rub\u00e9ole<strong><br \/>\n<\/strong><br \/>\n<strong>M\u00e9ningite \u00e0 m\u00e9ningocoque\u00a0:<\/strong> Il s'agit du vaccin quadrivalent (A, C, Y, W135) requis pour Haj et Umra et pour la ceinture de la m\u00e9ningite en Afrique.<\/p>\n<\/div>\n\t\t<\/div><\/div><div id=\"pgc-320-3-1\"  class=\"panel-grid-cell\" ><div id=\"panel-320-3-1-0\" class=\"so-panel widget widget_text panel-first-child panel-last-child\" data-index=\"5\" >\t\t\t<div class=\"textwidget\"><p><strong>Dukoral:<\/strong> Vendu en 1-2 doses.<strong><br \/>\n<\/strong>Deux doses sont n\u00e9cessaires la premi\u00e8re fois que Dukoral est pris. Les boosters sont \u00e0 dose unique. Efficace contre le chol\u00e9ra mais peu efficace contre la diarrh\u00e9e du voyageur.<\/p>\n<p><strong>H\u00e9patite A:<\/strong> La premi\u00e8re dose prot\u00e8ge pendant 1 \u00e0 3 ans selon la marque\u00a0; 2e dose depuis au moins 25 ans.<\/p>\n<p><strong>Hepatitis A pediatric: <\/strong>S'il vous pla\u00eet contactez<\/p>\n<p><strong>H\u00e9patite B:<\/strong> Le sch\u00e9ma \u00e0 3 doses est le plus courant mais plusieurs autres peuvent \u00eatre utilis\u00e9s.<\/p>\n<p><strong>H\u00e9patite B p\u00e9diatrique\u00a0:<\/strong>\u00a0 S'il vous pla\u00eet contactez<\/p>\n<p><strong>L'enc\u00e9phalite japonaise:<\/strong> Deux doses sont administr\u00e9es \u00e0 4 semaines d'intervalle.<\/p>\n<p><strong>Fi\u00e8vre jaune:<\/strong> Une seule dose suffit d\u00e9sormais pour une protection \u00e0 vie.<\/p>\n<\/div>\n\t\t<\/div><\/div><\/div><div id=\"pg-320-4\"  class=\"panel-grid panel-no-style\" ><div id=\"pgc-320-4-0\"  class=\"panel-grid-cell\" ><div id=\"panel-320-4-0-0\" class=\"so-panel widget widget_text panel-first-child panel-last-child\" data-index=\"6\" >\t\t\t<div class=\"textwidget\"><p><strong>* Veuillez noter que le prix r\u00e9el du ou des vaccins peut varier en fonction de la couverture d'assurance maladie individuelle et familiale. Pour plus de d\u00e9tails, veuillez contacter directement notre pharmacie.<\/strong><\/p>\n<\/div>\n\t\t<\/div><\/div><\/div><div id=\"pg-320-5\"  class=\"panel-grid panel-no-style\" ><div id=\"pgc-320-5-0\"  class=\"panel-grid-cell\" ><div id=\"panel-320-5-0-0\" class=\"so-panel widget widget_sow-editor panel-first-child panel-last-child\" data-index=\"7\" ><div\n\t\t\t\n\t\t\tclass=\"so-widget-sow-editor so-widget-sow-editor-base\"\n\t\t\t\n\t\t>\n<div class=\"siteorigin-widget-tinymce textwidget\">\n\t<p style=\"text-align: center;\">Pr\u00eat pour une consultation avec la clinique de voyage de la r\u00e9gion de Cornwall? \u00a0 <a href=\"https:\/\/www.longsaulttravelclinic.com\/fr\/services\/travel-consultation\/\" class=\"btn btn-primary\" target=\"_self\" >R\u00e9server<\/a><\/p>\n<\/div>\n<\/div><\/div><\/div><\/div><\/div>","protected":false},"excerpt":{"rendered":"<p>Cornwall Travel Centre is a fee-for-service travel clinic, meaning that we collect payment at the time of service (cash, credit card, and cheque). After each session we will email or provide an itemized bill to our patients so those who are interested in reimbursement can independently submit it to their insurance companies. While most insurance [&hellip;]<\/p>\n","protected":false},"author":1,"featured_media":0,"parent":0,"menu_order":0,"comment_status":"closed","ping_status":"closed","template":"","meta":{"_acf_changed":false,"footnotes":""},"class_list":["post-320","page","type-page","status-publish","hentry"],"acf":[],"yoast_head":"<!-- This site is optimized with the Yoast SEO plugin v27.4 - https:\/\/yoast.com\/product\/yoast-seo-wordpress\/ -->\n<title>Price List - Long Sault Travel Clinic<\/title>\n<meta name=\"description\" content=\"Cornwall Travel Centre travel immunization price list. Book your travel vaccines today. Weekend appointments are also available.\" \/>\n<meta name=\"robots\" content=\"index, follow, max-snippet:-1, max-image-preview:large, max-video-preview:-1\" \/>\n<link rel=\"canonical\" href=\"https:\/\/www.longsaulttravelclinic.com\/fr\/price-list\/\" \/>\n<meta property=\"og:locale\" content=\"fr_FR\" \/>\n<meta property=\"og:type\" content=\"article\" \/>\n<meta property=\"og:title\" content=\"Cornwall Travel Centre - Price List\" \/>\n<meta property=\"og:description\" content=\"Cornwall Travel Centre travel immunization price list. Book your travel vaccines today. Weekend appointments are also available.\" \/>\n<meta property=\"og:url\" content=\"https:\/\/www.longsaulttravelclinic.com\/fr\/price-list\/\" \/>\n<meta property=\"og:site_name\" content=\"Long Sault Travel Clinic\" \/>\n<meta property=\"article:publisher\" content=\"https:\/\/www.facebook.com\/longsaultpharmacy\/\" \/>\n<meta property=\"article:modified_time\" content=\"2025-10-09T21:49:32+00:00\" \/>\n<meta name=\"twitter:card\" content=\"summary_large_image\" \/>\n<meta name=\"twitter:label1\" content=\"Dur\u00e9e de lecture estim\u00e9e\" \/>\n\t<meta name=\"twitter:data1\" content=\"2 minutes\" \/>\n<script type=\"application\/ld+json\" class=\"yoast-schema-graph\">{\"@context\":\"https:\\\/\\\/schema.org\",\"@graph\":[{\"@type\":\"WebPage\",\"@id\":\"https:\\\/\\\/www.longsaulttravelclinic.com\\\/price-list\\\/\",\"url\":\"https:\\\/\\\/www.longsaulttravelclinic.com\\\/price-list\\\/\",\"name\":\"Price List - Long Sault Travel Clinic\",\"isPartOf\":{\"@id\":\"https:\\\/\\\/www.longsaulttravelclinic.com\\\/#website\"},\"datePublished\":\"2015-12-04T11:47:57+00:00\",\"dateModified\":\"2025-10-09T21:49:32+00:00\",\"description\":\"Cornwall Travel Centre travel immunization price list. Book your travel vaccines today. Weekend appointments are also available.\",\"breadcrumb\":{\"@id\":\"https:\\\/\\\/www.longsaulttravelclinic.com\\\/price-list\\\/#breadcrumb\"},\"inLanguage\":\"fr-FR\",\"potentialAction\":[{\"@type\":\"ReadAction\",\"target\":[\"https:\\\/\\\/www.longsaulttravelclinic.com\\\/price-list\\\/\"]}]},{\"@type\":\"BreadcrumbList\",\"@id\":\"https:\\\/\\\/www.longsaulttravelclinic.com\\\/price-list\\\/#breadcrumb\",\"itemListElement\":[{\"@type\":\"ListItem\",\"position\":1,\"name\":\"Home\",\"item\":\"https:\\\/\\\/www.longsaulttravelclinic.com\\\/\"},{\"@type\":\"ListItem\",\"position\":2,\"name\":\"Price List\"}]},{\"@type\":\"WebSite\",\"@id\":\"https:\\\/\\\/www.longsaulttravelclinic.com\\\/#website\",\"url\":\"https:\\\/\\\/www.longsaulttravelclinic.com\\\/\",\"name\":\"longsaulttravelclinic\",\"description\":\"Cornwall Area Travel Clinic\",\"publisher\":{\"@id\":\"https:\\\/\\\/www.longsaulttravelclinic.com\\\/#organization\"},\"potentialAction\":[{\"@type\":\"SearchAction\",\"target\":{\"@type\":\"EntryPoint\",\"urlTemplate\":\"https:\\\/\\\/www.longsaulttravelclinic.com\\\/?s={search_term_string}\"},\"query-input\":{\"@type\":\"PropertyValueSpecification\",\"valueRequired\":true,\"valueName\":\"search_term_string\"}}],\"inLanguage\":\"fr-FR\"},{\"@type\":\"Organization\",\"@id\":\"https:\\\/\\\/www.longsaulttravelclinic.com\\\/#organization\",\"name\":\"longsaulttravelclinic\",\"url\":\"https:\\\/\\\/www.longsaulttravelclinic.com\\\/\",\"logo\":{\"@type\":\"ImageObject\",\"inLanguage\":\"fr-FR\",\"@id\":\"https:\\\/\\\/www.longsaulttravelclinic.com\\\/#\\\/schema\\\/logo\\\/image\\\/\",\"url\":\"https:\\\/\\\/www.longsaulttravelclinic.com\\\/wp-content\\\/uploads\\\/2021\\\/06\\\/Long-Sault-Travel-Clinic-Pharmasave-Logo.jpg\",\"contentUrl\":\"https:\\\/\\\/www.longsaulttravelclinic.com\\\/wp-content\\\/uploads\\\/2021\\\/06\\\/Long-Sault-Travel-Clinic-Pharmasave-Logo.jpg\",\"width\":546,\"height\":97,\"caption\":\"longsaulttravelclinic\"},\"image\":{\"@id\":\"https:\\\/\\\/www.longsaulttravelclinic.com\\\/#\\\/schema\\\/logo\\\/image\\\/\"},\"sameAs\":[\"https:\\\/\\\/www.facebook.com\\\/longsaultpharmacy\\\/\"]}]}<\/script>\n<!-- \/ Yoast SEO plugin. -->","yoast_head_json":{"title":"Price List - Long Sault Travel Clinic","description":"Cornwall Travel Centre travel immunization price list. Book your travel vaccines today. Weekend appointments are also available.","robots":{"index":"index","follow":"follow","max-snippet":"max-snippet:-1","max-image-preview":"max-image-preview:large","max-video-preview":"max-video-preview:-1"},"canonical":"https:\/\/www.longsaulttravelclinic.com\/fr\/price-list\/","og_locale":"fr_FR","og_type":"article","og_title":"Cornwall Travel Centre - Price List","og_description":"Cornwall Travel Centre travel immunization price list. Book your travel vaccines today. Weekend appointments are also available.","og_url":"https:\/\/www.longsaulttravelclinic.com\/fr\/price-list\/","og_site_name":"Long Sault Travel Clinic","article_publisher":"https:\/\/www.facebook.com\/longsaultpharmacy\/","article_modified_time":"2025-10-09T21:49:32+00:00","twitter_card":"summary_large_image","twitter_misc":{"Dur\u00e9e de lecture estim\u00e9e":"2 minutes"},"schema":{"@context":"https:\/\/schema.org","@graph":[{"@type":"WebPage","@id":"https:\/\/www.longsaulttravelclinic.com\/price-list\/","url":"https:\/\/www.longsaulttravelclinic.com\/price-list\/","name":"Price List - Long Sault Travel Clinic","isPartOf":{"@id":"https:\/\/www.longsaulttravelclinic.com\/#website"},"datePublished":"2015-12-04T11:47:57+00:00","dateModified":"2025-10-09T21:49:32+00:00","description":"Cornwall Travel Centre travel immunization price list. Book your travel vaccines today. Weekend appointments are also available.","breadcrumb":{"@id":"https:\/\/www.longsaulttravelclinic.com\/price-list\/#breadcrumb"},"inLanguage":"fr-FR","potentialAction":[{"@type":"ReadAction","target":["https:\/\/www.longsaulttravelclinic.com\/price-list\/"]}]},{"@type":"BreadcrumbList","@id":"https:\/\/www.longsaulttravelclinic.com\/price-list\/#breadcrumb","itemListElement":[{"@type":"ListItem","position":1,"name":"Home","item":"https:\/\/www.longsaulttravelclinic.com\/"},{"@type":"ListItem","position":2,"name":"Price List"}]},{"@type":"WebSite","@id":"https:\/\/www.longsaulttravelclinic.com\/#website","url":"https:\/\/www.longsaulttravelclinic.com\/","name":"longsaulttravelclinic","description":"Clinique de voyage de la r\u00e9gion de Cornwall","publisher":{"@id":"https:\/\/www.longsaulttravelclinic.com\/#organization"},"potentialAction":[{"@type":"SearchAction","target":{"@type":"EntryPoint","urlTemplate":"https:\/\/www.longsaulttravelclinic.com\/?s={search_term_string}"},"query-input":{"@type":"PropertyValueSpecification","valueRequired":true,"valueName":"search_term_string"}}],"inLanguage":"fr-FR"},{"@type":"Organization","@id":"https:\/\/www.longsaulttravelclinic.com\/#organization","name":"longsaulttravelclinic","url":"https:\/\/www.longsaulttravelclinic.com\/","logo":{"@type":"ImageObject","inLanguage":"fr-FR","@id":"https:\/\/www.longsaulttravelclinic.com\/#\/schema\/logo\/image\/","url":"https:\/\/www.longsaulttravelclinic.com\/wp-content\/uploads\/2021\/06\/Long-Sault-Travel-Clinic-Pharmasave-Logo.jpg","contentUrl":"https:\/\/www.longsaulttravelclinic.com\/wp-content\/uploads\/2021\/06\/Long-Sault-Travel-Clinic-Pharmasave-Logo.jpg","width":546,"height":97,"caption":"longsaulttravelclinic"},"image":{"@id":"https:\/\/www.longsaulttravelclinic.com\/#\/schema\/logo\/image\/"},"sameAs":["https:\/\/www.facebook.com\/longsaultpharmacy\/"]}]}},"_links":{"self":[{"href":"https:\/\/www.longsaulttravelclinic.com\/fr\/wp-json\/wp\/v2\/pages\/320","targetHints":{"allow":["GET"]}}],"collection":[{"href":"https:\/\/www.longsaulttravelclinic.com\/fr\/wp-json\/wp\/v2\/pages"}],"about":[{"href":"https:\/\/www.longsaulttravelclinic.com\/fr\/wp-json\/wp\/v2\/types\/page"}],"author":[{"embeddable":true,"href":"https:\/\/www.longsaulttravelclinic.com\/fr\/wp-json\/wp\/v2\/users\/1"}],"replies":[{"embeddable":true,"href":"https:\/\/www.longsaulttravelclinic.com\/fr\/wp-json\/wp\/v2\/comments?post=320"}],"version-history":[{"count":6,"href":"https:\/\/www.longsaulttravelclinic.com\/fr\/wp-json\/wp\/v2\/pages\/320\/revisions"}],"predecessor-version":[{"id":9855,"href":"https:\/\/www.longsaulttravelclinic.com\/fr\/wp-json\/wp\/v2\/pages\/320\/revisions\/9855"}],"wp:attachment":[{"href":"https:\/\/www.longsaulttravelclinic.com\/fr\/wp-json\/wp\/v2\/media?parent=320"}],"curies":[{"name":"wp","href":"https:\/\/api.w.org\/{rel}","templated":true}]}}