{"id":7483,"date":"2015-11-25T21:38:30","date_gmt":"2015-11-25T21:38:30","guid":{"rendered":"http:\/\/export-xml.qreativethemes.com\/physio\/?page_id=2"},"modified":"2025-09-30T07:16:42","modified_gmt":"2025-09-30T11:16:42","slug":"about-us","status":"publish","type":"page","link":"https:\/\/www.longsaulttravelclinic.com\/fr\/about-us\/","title":{"rendered":"\u00c0 propos de notre pharmacie"},"content":{"rendered":"<div id=\"pl-7483\"  class=\"panel-layout\" ><div id=\"pg-7483-0\"  class=\"panel-grid panel-has-style\" ><div class=\"siteorigin-panels-stretch panel-row-style panel-row-style-for-7483-0\" data-stretch-type=\"full-width-stretch\" ><div id=\"pgc-7483-0-0\"  class=\"panel-grid-cell\" ><div id=\"panel-7483-0-0-0\" class=\"so-panel widget widget_sow-hero panel-first-child panel-last-child\" data-index=\"0\" ><div\n\t\t\t\n\t\t\tclass=\"so-widget-sow-hero so-widget-sow-hero-default-0b31b44a2998-7483 so-widget-fittext-wrapper\"\n\t\t\t data-fit-text-compressor=\"0.85\"\n\t\t>\t\t\t\t<div class=\"sow-slider-base\" style=\"display: none\" tabindex=\"0\">\n\t\t\t\t\t<ul\n\t\t\t\t\tclass=\"sow-slider-images\"\n\t\t\t\t\tdata-settings=\"{&quot;pagination&quot;:true,&quot;speed&quot;:800,&quot;timeout&quot;:8000,&quot;paused&quot;:false,&quot;pause_on_hover&quot;:false,&quot;swipe&quot;:true,&quot;nav_always_show_desktop&quot;:&quot;&quot;,&quot;nav_always_show_mobile&quot;:&quot;&quot;,&quot;breakpoint&quot;:&quot;780px&quot;,&quot;unmute&quot;:false,&quot;anchor&quot;:null}\"\n\t\t\t\t\tstyle=\"min-height: 740px\"\t\t\t\t\tdata-anchor-id=\"\"\n\t\t\t\t>\t\t<li class=\"sow-slider-image  sow-slider-image-cover\" style=\"visibility: visible;;background-color: #333333\" >\n\t\t\t\t\t<div class=\"sow-slider-image-container\">\n\t\t\t<div class=\"sow-slider-image-wrapper\">\n\t\t\t\t<div style=\"text-align: center\">\n  <h2 style=\"margin: 0 0 10px 0\">Vous planifiez le voyage de votre vie ? Laissez-nous vous aider \u00e0 rester en s\u00e9curit\u00e9 !<\/h2>\n  <h6 style=\"margin: 0;font-weight: normal;line-height: 1.5\">\n    Que vous exploriez l\u2019Afrique subsaharienne, fassiez du trekking dans l\u2019Amazonie ou voyagiez en sac \u00e0 dos \u00e0 travers l\u2019Inde, nous sommes l\u00e0 pour vous. Nous vous fournirons les vaccins, les m\u00e9dicaments de voyage et les informations n\u00e9cessaires pour vous prot\u00e9ger.\nRevenez avec des souvenirs, pas avec la malaria.\n  <\/h6>\n<\/div>\n\t\t\t<\/div>\n\t\t<\/div>\n\t\t<div class=\"sow-slider-image-overlay sow-slider-image-cover\" style=\"opacity: 0.85;background-image: url(https:\/\/layouts.siteorigin.com\/wp-content\/uploads\/2015\/12\/kid-673584.jpg)\"  ><\/div>\t\t<\/li>\n\t\t<\/ul>\t\t\t\t<ol class=\"sow-slider-pagination\">\n\t\t\t\t\t\t\t\t\t\t\t<li><a href=\"#\" data-goto=\"0\" aria-label=\"Display slide 1\"><\/a><\/li>\n\t\t\t\t\t\t\t\t\t<\/ol>\n\n\t\t\t\t<div class=\"sow-slide-nav sow-slide-nav-next\">\n\t\t\t\t\t<a href=\"#\" data-goto=\"next\" aria-label=\"Next slide\" data-action=\"next\">\n\t\t\t\t\t\t<em class=\"sow-sld-icon-thin-right\"><\/em>\n\t\t\t\t\t<\/a>\n\t\t\t\t<\/div>\n\n\t\t\t\t<div class=\"sow-slide-nav sow-slide-nav-prev\">\n\t\t\t\t\t<a href=\"#\" data-goto=\"previous\" aria-label=\"Previous slide\" data-action=\"prev\">\n\t\t\t\t\t\t<em class=\"sow-sld-icon-thin-left\"><\/em>\n\t\t\t\t\t<\/a>\n\t\t\t\t<\/div>\n\t\t\t\t<\/div><\/div><\/div><\/div><\/div><\/div><div id=\"pg-7483-1\"  class=\"panel-grid panel-has-style\" ><div class=\"siteorigin-panels-stretch panel-row-style panel-row-style-for-7483-1\" data-stretch-type=\"full\" ><div id=\"pgc-7483-1-0\"  class=\"panel-grid-cell\" ><div id=\"panel-7483-1-0-0\" class=\"so-panel widget widget_sow-editor panel-first-child panel-last-child\" data-index=\"1\" ><div class=\"panel-widget-style panel-widget-style-for-7483-1-0-0\" ><div\n\t\t\t\n\t\t\tclass=\"so-widget-sow-editor so-widget-sow-editor-base\"\n\t\t\t\n\t\t>\n<div class=\"siteorigin-widget-tinymce textwidget\">\n\t<h2 style=\"text-align: center;\">Vous garder en bonne sant\u00e9, heureux, en forme et bien<\/h2>\n<p style=\"text-align: center;\">La Clinique de voyage de la r\u00e9gion de Cornwall s'engage en tant que professionnels de la sant\u00e9 \u00e0 aider nos clients \u00e0 reprendre leur qu\u00eate permanente de sant\u00e9, de forme physique, de voyages et de bien-\u00eatre. Nous sommes \u00e9galement un centre de vaccination contre la fi\u00e8vre jaune.<\/p>\n<\/div>\n<\/div><\/div><\/div><\/div><\/div><\/div><div id=\"pg-7483-2\"  class=\"panel-grid panel-has-style\" ><div class=\"siteorigin-panels-stretch panel-row-style panel-row-style-for-7483-2\" data-stretch-type=\"full\" ><div id=\"pgc-7483-2-0\"  class=\"panel-grid-cell\" ><div id=\"panel-7483-2-0-0\" class=\"so-panel widget widget_sow-editor panel-first-child panel-last-child\" data-index=\"2\" ><div class=\"panel-widget-style panel-widget-style-for-7483-2-0-0\" ><div\n\t\t\t\n\t\t\tclass=\"so-widget-sow-editor so-widget-sow-editor-base\"\n\t\t\t\n\t\t>\n<div class=\"siteorigin-widget-tinymce textwidget\">\n\t<h2 style=\"text-align: center;\"><strong>Les soins aux patients<br \/>\n<\/strong><\/h2>\n<p style=\"text-align: center;\">Nous vous fournirons des traitements de voyage pratiques avec l'\u00e9ducation que vous pouvez emporter avec vous, vous permettant de devenir un participant actif \u00e0 votre future sant\u00e9 physique. Pour plus de commodit\u00e9, nous proposons trois m\u00e9thodes de consultation ; En personne, par t\u00e9l\u00e9phone ou seul pour les particuliers, les familles et les groupes.<\/p>\n<\/div>\n<\/div><\/div><\/div><\/div><div id=\"pgc-7483-2-1\"  class=\"panel-grid-cell\" ><div id=\"panel-7483-2-1-0\" class=\"so-panel widget widget_sow-editor panel-first-child panel-last-child\" data-index=\"3\" ><div class=\"panel-widget-style panel-widget-style-for-7483-2-1-0\" ><div\n\t\t\t\n\t\t\tclass=\"so-widget-sow-editor so-widget-sow-editor-base\"\n\t\t\t\n\t\t>\n<div class=\"siteorigin-widget-tinymce textwidget\">\n\t<h2 style=\"text-align: center;\"><strong>Service professionnel<\/strong><\/h2>\n<p style=\"text-align: center;\">Les pharmaciens ont plus de 12 ans d'exp\u00e9rience et une passion pour aider notre communaut\u00e9 \u00e0 rester active.<\/p>\n<\/div>\n<\/div><\/div><\/div><\/div><\/div><\/div><div id=\"pg-7483-3\"  class=\"panel-grid panel-has-style\" ><div class=\"panel-row-style panel-row-style-for-7483-3\" ><div id=\"pgc-7483-3-0\"  class=\"panel-grid-cell\" ><div id=\"panel-7483-3-0-0\" class=\"so-panel widget widget_sow-editor panel-first-child panel-last-child\" data-index=\"4\" ><div class=\"panel-widget-style panel-widget-style-for-7483-3-0-0\" ><div\n\t\t\t\n\t\t\tclass=\"so-widget-sow-editor so-widget-sow-editor-base\"\n\t\t\t\n\t\t>\n<div class=\"siteorigin-widget-tinymce textwidget\">\n\t<p style=\"text-align: center;\">Pr\u00eat pour une consultation avec la clinique de voyage de la r\u00e9gion de Cornwall? &nbsp; <a class=\"btn btn-primary\" href=\"https:\/\/www.longsaulttravelclinic.com\/fr\/services\/travel-consultation\/\" target=\"_self\">R\u00e9server<\/a><\/p>\n<\/div>\n<\/div><\/div><\/div><\/div><\/div><\/div><div id=\"pg-7483-4\"  class=\"panel-grid panel-no-style\" ><div id=\"pgc-7483-4-0\"  class=\"panel-grid-cell\" ><div id=\"panel-7483-4-0-0\" class=\"so-panel widget widget_qt_team_member widget-team-member panel-first-child\" data-index=\"5\" >\n\t\t\t<div class=\"team-member\">\n\t\t\t\t\t\t\t\t\t<div class=\"team-member--image\">\n\t\t\t\t\t\t\t\t\t\t\t\t\t<img decoding=\"async\" loading=\"lazy\" src=\"https:\/\/www.longsaulttravelclinic.com\/wp-content\/uploads\/2024\/11\/Bryan-Haley-Pharmacist.jpg\" alt=\"Bryan Haley\">\n\t\t\t\t\t\t\t\t\t\t\t\t\t\t\t\t\t\t\t\t\t\t\t\t\t<a href=\"https:\/\/www.longsaulttravelclinic.com\/fr\/bryanhaley\/\" aria-label=\"En savoir plus\" class=\"link-overlay\"><\/a>\n\t\t\t\t\t\t\t\t\t\t\t<\/div>\n\t\t\t\t\t\t\t\t<div class=\"team-member--content\">\n\t\t\t\t\t<h4 class=\"team-member--name\">\n\t\t\t\t\t\t\t\t\t\t\t\t\t<a href=\"https:\/\/www.longsaulttravelclinic.com\/fr\/bryanhaley\/\">\n\t\t\t\t\t\t\t\t\t\t\t\tBryan Haley\t\t\t\t\t\t<\/a>\t\t\t\t\t<\/h4>\n\t\t\t\t\t\t\t\t\t\t\t<span class=\"team-member--tag\">Pharmacien<\/span>\n\t\t\t\t\t\t\t\t\t\t\t\t\t\t\t\t<p class=\"team-member--description\">Avec plus de 12 ans d'exp\u00e9rience en pharmacie, la clinique de voyage de Bryan Haley suit la philosophie selon laquelle le traitement est...<\/p>\n\t\t\t\t\t\t\t\t\t\t\t\t\t\t\t\t<a href=\"https:\/\/www.longsaulttravelclinic.com\/fr\/bryanhaley\/\" class=\"text-link\">En savoir plus<\/a>\n\t\t\t\t\t\t\t\t\t<\/div>\n\t\t\t<\/div>\n\n\t\t\t<\/div><div id=\"panel-7483-4-0-1\" class=\"so-panel widget widget_qt_team_member widget-team-member panel-last-child\" data-index=\"6\" >\n\t\t\t<div class=\"team-member\">\n\t\t\t\t\t\t\t\t\t<div class=\"team-member--image\">\n\t\t\t\t\t\t\t\t\t\t\t\t\t<img decoding=\"async\" loading=\"lazy\" src=\"https:\/\/www.longsaulttravelclinic.com\/wp-content\/uploads\/2025\/04\/AE.jpg\" alt=\"Agnes Etaka\">\n\t\t\t\t\t\t\t\t\t\t\t\t\t\t\t\t\t\t\t\t\t\t\t\t\t<a href=\"https:\/\/www.longsaulttravelclinic.com\/fr\/agnes-etaka\/\" aria-label=\"En savoir plus\" class=\"link-overlay\"><\/a>\n\t\t\t\t\t\t\t\t\t\t\t<\/div>\n\t\t\t\t\t\t\t\t<div class=\"team-member--content\">\n\t\t\t\t\t<h4 class=\"team-member--name\">\n\t\t\t\t\t\t\t\t\t\t\t\t\t<a href=\"https:\/\/www.longsaulttravelclinic.com\/fr\/agnes-etaka\/\">\n\t\t\t\t\t\t\t\t\t\t\t\tAgnes Etaka\t\t\t\t\t\t<\/a>\t\t\t\t\t<\/h4>\n\t\t\t\t\t\t\t\t\t\t\t<span class=\"team-member--tag\">Infirmi\u00e8re Praticienne<\/span>\n\t\t\t\t\t\t\t\t\t\t\t\t\t\t\t\t<p class=\"team-member--description\">Agnes Etaka est une infirmi\u00e8re praticienne compatissante et hautement qualifi\u00e9e, ainsi que la fondatrice de PureHealth Primary Care \u00e0...<\/p>\n\t\t\t\t\t\t\t\t\t\t\t\t\t\t\t\t<a href=\"https:\/\/www.longsaulttravelclinic.com\/fr\/agnes-etaka\/\" class=\"text-link\">En savoir plus<\/a>\n\t\t\t\t\t\t\t\t\t<\/div>\n\t\t\t<\/div>\n\n\t\t\t<\/div><\/div><div id=\"pgc-7483-4-1\"  class=\"panel-grid-cell\" ><div id=\"panel-7483-4-1-0\" class=\"so-panel widget widget_qt_team_member widget-team-member panel-first-child panel-last-child\" data-index=\"7\" >\n\t\t\t<div class=\"team-member\">\n\t\t\t\t\t\t\t\t\t<div class=\"team-member--image\">\n\t\t\t\t\t\t\t\t\t\t\t\t\t<img decoding=\"async\" loading=\"lazy\" src=\"https:\/\/www.longsaulttravelclinic.com\/wp-content\/uploads\/2024\/11\/David-Mancini-Pharmacist.jpg\" alt=\"Dave Mancini\">\n\t\t\t\t\t\t\t\t\t\t\t\t\t\t\t\t\t\t\t\t\t\t\t\t\t<a href=\"https:\/\/www.longsaulttravelclinic.com\/fr\/dave-mancini\/\" aria-label=\"En savoir plus\" class=\"link-overlay\"><\/a>\n\t\t\t\t\t\t\t\t\t\t\t<\/div>\n\t\t\t\t\t\t\t\t<div class=\"team-member--content\">\n\t\t\t\t\t<h4 class=\"team-member--name\">\n\t\t\t\t\t\t\t\t\t\t\t\t\t<a href=\"https:\/\/www.longsaulttravelclinic.com\/fr\/dave-mancini\/\">\n\t\t\t\t\t\t\t\t\t\t\t\tDave Mancini\t\t\t\t\t\t<\/a>\t\t\t\t\t<\/h4>\n\t\t\t\t\t\t\t\t\t\t\t<span class=\"team-member--tag\">Pharmacien<\/span>\n\t\t\t\t\t\t\t\t\t\t\t\t\t\t\t\t<p class=\"team-member--description\">Dave Mancini est dipl\u00f4m\u00e9 de l'Universit\u00e9 de Waterloo avec son doctorat en pharmacie, et...<\/p>\n\t\t\t\t\t\t\t\t\t\t\t\t\t\t\t\t<a href=\"https:\/\/www.longsaulttravelclinic.com\/fr\/dave-mancini\/\" class=\"text-link\">En savoir plus<\/a>\n\t\t\t\t\t\t\t\t\t<\/div>\n\t\t\t<\/div>\n\n\t\t\t<\/div><\/div><\/div><\/div>","protected":false},"excerpt":{"rendered":"<p>Keeping you healthy, happy, fit and fine Cornwall Area Travel Clinic is committed as healthcare professionals to help our clients resume their lifelong pursuit of health, fitness, travels, and well-being. We are also a yellow fever vaccination centre.<\/p>","protected":false},"author":1,"featured_media":0,"parent":0,"menu_order":0,"comment_status":"closed","ping_status":"open","template":"","meta":{"_acf_changed":false,"footnotes":""},"class_list":["post-7483","page","type-page","status-publish","hentry"],"acf":[],"yoast_head":"<!-- This site is optimized with the Yoast SEO plugin v27.4 - https:\/\/yoast.com\/product\/yoast-seo-wordpress\/ -->\n<title>Cornwall Travel vaccines - About Us \/ Mission \/ Our Pharmacist \/ Long Sault<\/title>\n<meta name=\"description\" content=\"Our Mission at Cornwall Travel vaccines is committed as healthcare professionals to help our clients resume their lifelong pursuit of health,fitness,travels\" \/>\n<meta name=\"robots\" content=\"index, follow, max-snippet:-1, max-image-preview:large, max-video-preview:-1\" \/>\n<link rel=\"canonical\" href=\"https:\/\/www.longsaulttravelclinic.com\/fr\/about-us\/\" \/>\n<meta property=\"og:locale\" content=\"fr_FR\" \/>\n<meta property=\"og:type\" content=\"article\" \/>\n<meta property=\"og:title\" content=\"Cornwall Travel vaccines - Get to know us \/ Vaccines \/ Travel Immunization\" \/>\n<meta property=\"og:description\" content=\"Cornwall Travel vaccines. Committed as healthcare professionals to help our clients resume their lifelong pursuit of health, fitness, travels. cornwall Travel Clinic.\" \/>\n<meta property=\"og:url\" content=\"https:\/\/www.longsaulttravelclinic.com\/fr\/about-us\/\" \/>\n<meta property=\"og:site_name\" content=\"Long Sault Travel Clinic\" \/>\n<meta property=\"article:publisher\" content=\"https:\/\/www.facebook.com\/longsaultpharmacy\/\" \/>\n<meta property=\"article:modified_time\" content=\"2025-09-30T11:16:42+00:00\" \/>\n<meta property=\"og:image\" content=\"https:\/\/www.longsaulttravelclinic.com\/wp-content\/uploads\/2018\/05\/PSLogo_Core_CMYK.jpg\" \/>\n\t<meta property=\"og:image:width\" content=\"2000\" \/>\n\t<meta property=\"og:image:height\" content=\"354\" \/>\n\t<meta property=\"og:image:type\" content=\"image\/jpeg\" \/>\n<meta name=\"twitter:card\" content=\"summary_large_image\" \/>\n<meta name=\"twitter:label1\" content=\"Dur\u00e9e de lecture estim\u00e9e\" \/>\n\t<meta name=\"twitter:data1\" content=\"2 minutes\" \/>\n<script type=\"application\/ld+json\" class=\"yoast-schema-graph\">{\"@context\":\"https:\\\/\\\/schema.org\",\"@graph\":[{\"@type\":\"WebPage\",\"@id\":\"https:\\\/\\\/www.longsaulttravelclinic.com\\\/about-us\\\/\",\"url\":\"https:\\\/\\\/www.longsaulttravelclinic.com\\\/about-us\\\/\",\"name\":\"Cornwall Travel vaccines - About Us \\\/ Mission \\\/ Our Pharmacist \\\/ Long Sault\",\"isPartOf\":{\"@id\":\"https:\\\/\\\/www.longsaulttravelclinic.com\\\/#website\"},\"datePublished\":\"2015-11-25T21:38:30+00:00\",\"dateModified\":\"2025-09-30T11:16:42+00:00\",\"description\":\"Our Mission at Cornwall Travel vaccines is committed as healthcare professionals to help our clients resume their lifelong pursuit of health,fitness,travels\",\"breadcrumb\":{\"@id\":\"https:\\\/\\\/www.longsaulttravelclinic.com\\\/about-us\\\/#breadcrumb\"},\"inLanguage\":\"fr-FR\",\"potentialAction\":[{\"@type\":\"ReadAction\",\"target\":[\"https:\\\/\\\/www.longsaulttravelclinic.com\\\/about-us\\\/\"]}]},{\"@type\":\"BreadcrumbList\",\"@id\":\"https:\\\/\\\/www.longsaulttravelclinic.com\\\/about-us\\\/#breadcrumb\",\"itemListElement\":[{\"@type\":\"ListItem\",\"position\":1,\"name\":\"Home\",\"item\":\"https:\\\/\\\/www.longsaulttravelclinic.com\\\/\"},{\"@type\":\"ListItem\",\"position\":2,\"name\":\"Get To Know Us\"}]},{\"@type\":\"WebSite\",\"@id\":\"https:\\\/\\\/www.longsaulttravelclinic.com\\\/#website\",\"url\":\"https:\\\/\\\/www.longsaulttravelclinic.com\\\/\",\"name\":\"longsaulttravelclinic\",\"description\":\"Cornwall Area Travel Clinic\",\"publisher\":{\"@id\":\"https:\\\/\\\/www.longsaulttravelclinic.com\\\/#organization\"},\"potentialAction\":[{\"@type\":\"SearchAction\",\"target\":{\"@type\":\"EntryPoint\",\"urlTemplate\":\"https:\\\/\\\/www.longsaulttravelclinic.com\\\/?s={search_term_string}\"},\"query-input\":{\"@type\":\"PropertyValueSpecification\",\"valueRequired\":true,\"valueName\":\"search_term_string\"}}],\"inLanguage\":\"fr-FR\"},{\"@type\":\"Organization\",\"@id\":\"https:\\\/\\\/www.longsaulttravelclinic.com\\\/#organization\",\"name\":\"longsaulttravelclinic\",\"url\":\"https:\\\/\\\/www.longsaulttravelclinic.com\\\/\",\"logo\":{\"@type\":\"ImageObject\",\"inLanguage\":\"fr-FR\",\"@id\":\"https:\\\/\\\/www.longsaulttravelclinic.com\\\/#\\\/schema\\\/logo\\\/image\\\/\",\"url\":\"https:\\\/\\\/www.longsaulttravelclinic.com\\\/wp-content\\\/uploads\\\/2021\\\/06\\\/Long-Sault-Travel-Clinic-Pharmasave-Logo.jpg\",\"contentUrl\":\"https:\\\/\\\/www.longsaulttravelclinic.com\\\/wp-content\\\/uploads\\\/2021\\\/06\\\/Long-Sault-Travel-Clinic-Pharmasave-Logo.jpg\",\"width\":546,\"height\":97,\"caption\":\"longsaulttravelclinic\"},\"image\":{\"@id\":\"https:\\\/\\\/www.longsaulttravelclinic.com\\\/#\\\/schema\\\/logo\\\/image\\\/\"},\"sameAs\":[\"https:\\\/\\\/www.facebook.com\\\/longsaultpharmacy\\\/\"]}]}<\/script>\n<!-- \/ Yoast SEO plugin. -->","yoast_head_json":{"title":"Cornwall Travel vaccines - About Us \/ Mission \/ Our Pharmacist \/ Long Sault","description":"Our Mission at Cornwall Travel vaccines is committed as healthcare professionals to help our clients resume their lifelong pursuit of health,fitness,travels","robots":{"index":"index","follow":"follow","max-snippet":"max-snippet:-1","max-image-preview":"max-image-preview:large","max-video-preview":"max-video-preview:-1"},"canonical":"https:\/\/www.longsaulttravelclinic.com\/fr\/about-us\/","og_locale":"fr_FR","og_type":"article","og_title":"Cornwall Travel vaccines - Get to know us \/ Vaccines \/ Travel Immunization","og_description":"Cornwall Travel vaccines. Committed as healthcare professionals to help our clients resume their lifelong pursuit of health, fitness, travels. cornwall Travel Clinic.","og_url":"https:\/\/www.longsaulttravelclinic.com\/fr\/about-us\/","og_site_name":"Long Sault Travel Clinic","article_publisher":"https:\/\/www.facebook.com\/longsaultpharmacy\/","article_modified_time":"2025-09-30T11:16:42+00:00","og_image":[{"width":2000,"height":354,"url":"https:\/\/www.longsaulttravelclinic.com\/wp-content\/uploads\/2018\/05\/PSLogo_Core_CMYK.jpg","type":"image\/jpeg"}],"twitter_card":"summary_large_image","twitter_misc":{"Dur\u00e9e de lecture estim\u00e9e":"2 minutes"},"schema":{"@context":"https:\/\/schema.org","@graph":[{"@type":"WebPage","@id":"https:\/\/www.longsaulttravelclinic.com\/about-us\/","url":"https:\/\/www.longsaulttravelclinic.com\/about-us\/","name":"Cornwall Travel vaccines - About Us \/ Mission \/ Our Pharmacist \/ Long Sault","isPartOf":{"@id":"https:\/\/www.longsaulttravelclinic.com\/#website"},"datePublished":"2015-11-25T21:38:30+00:00","dateModified":"2025-09-30T11:16:42+00:00","description":"Our Mission at Cornwall Travel vaccines is committed as healthcare professionals to help our clients resume their lifelong pursuit of health,fitness,travels","breadcrumb":{"@id":"https:\/\/www.longsaulttravelclinic.com\/about-us\/#breadcrumb"},"inLanguage":"fr-FR","potentialAction":[{"@type":"ReadAction","target":["https:\/\/www.longsaulttravelclinic.com\/about-us\/"]}]},{"@type":"BreadcrumbList","@id":"https:\/\/www.longsaulttravelclinic.com\/about-us\/#breadcrumb","itemListElement":[{"@type":"ListItem","position":1,"name":"Home","item":"https:\/\/www.longsaulttravelclinic.com\/"},{"@type":"ListItem","position":2,"name":"Get To Know Us"}]},{"@type":"WebSite","@id":"https:\/\/www.longsaulttravelclinic.com\/#website","url":"https:\/\/www.longsaulttravelclinic.com\/","name":"longsaulttravelclinic","description":"Clinique de voyage de la r\u00e9gion de Cornwall","publisher":{"@id":"https:\/\/www.longsaulttravelclinic.com\/#organization"},"potentialAction":[{"@type":"SearchAction","target":{"@type":"EntryPoint","urlTemplate":"https:\/\/www.longsaulttravelclinic.com\/?s={search_term_string}"},"query-input":{"@type":"PropertyValueSpecification","valueRequired":true,"valueName":"search_term_string"}}],"inLanguage":"fr-FR"},{"@type":"Organization","@id":"https:\/\/www.longsaulttravelclinic.com\/#organization","name":"longsaulttravelclinic","url":"https:\/\/www.longsaulttravelclinic.com\/","logo":{"@type":"ImageObject","inLanguage":"fr-FR","@id":"https:\/\/www.longsaulttravelclinic.com\/#\/schema\/logo\/image\/","url":"https:\/\/www.longsaulttravelclinic.com\/wp-content\/uploads\/2021\/06\/Long-Sault-Travel-Clinic-Pharmasave-Logo.jpg","contentUrl":"https:\/\/www.longsaulttravelclinic.com\/wp-content\/uploads\/2021\/06\/Long-Sault-Travel-Clinic-Pharmasave-Logo.jpg","width":546,"height":97,"caption":"longsaulttravelclinic"},"image":{"@id":"https:\/\/www.longsaulttravelclinic.com\/#\/schema\/logo\/image\/"},"sameAs":["https:\/\/www.facebook.com\/longsaultpharmacy\/"]}]}},"_links":{"self":[{"href":"https:\/\/www.longsaulttravelclinic.com\/fr\/wp-json\/wp\/v2\/pages\/7483","targetHints":{"allow":["GET"]}}],"collection":[{"href":"https:\/\/www.longsaulttravelclinic.com\/fr\/wp-json\/wp\/v2\/pages"}],"about":[{"href":"https:\/\/www.longsaulttravelclinic.com\/fr\/wp-json\/wp\/v2\/types\/page"}],"author":[{"embeddable":true,"href":"https:\/\/www.longsaulttravelclinic.com\/fr\/wp-json\/wp\/v2\/users\/1"}],"replies":[{"embeddable":true,"href":"https:\/\/www.longsaulttravelclinic.com\/fr\/wp-json\/wp\/v2\/comments?post=7483"}],"version-history":[{"count":45,"href":"https:\/\/www.longsaulttravelclinic.com\/fr\/wp-json\/wp\/v2\/pages\/7483\/revisions"}],"predecessor-version":[{"id":9615,"href":"https:\/\/www.longsaulttravelclinic.com\/fr\/wp-json\/wp\/v2\/pages\/7483\/revisions\/9615"}],"wp:attachment":[{"href":"https:\/\/www.longsaulttravelclinic.com\/fr\/wp-json\/wp\/v2\/media?parent=7483"}],"curies":[{"name":"wp","href":"https:\/\/api.w.org\/{rel}","templated":true}]}}