{"id":7552,"date":"2018-05-18T12:34:47","date_gmt":"2018-05-18T16:34:47","guid":{"rendered":"http:\/\/www.longsaultravelclinic.com\/?page_id=7552"},"modified":"2025-10-09T17:18:06","modified_gmt":"2025-10-09T21:18:06","slug":"privacy-policy","status":"publish","type":"page","link":"https:\/\/www.longsaulttravelclinic.com\/fr\/privacy-policy\/","title":{"rendered":"Politique de confidentialit\u00e9"},"content":{"rendered":"<p>Cornwall Voyage Centre exploite le www.longsaulttravelclinic.com site web, qui fournit des conseils de voyage et les d\u00e9placements des services de vaccination.<\/p>\n<p>Cette page est utilis\u00e9e pour informer les visiteurs de site web concernant nos politiques avec la collecte, l&#039;utilisation et la divulgation de Renseignements Personnels si quelqu&#039;un a d\u00e9cid\u00e9 d&#039;utiliser nos Services, le Long-Sault Clinique sant\u00e9-Voyage de Cornwall \/ Clinique sant\u00e9-Voyage de site web.<\/p>\n<p>Si vous choisissez d&#039;utiliser notre Service, vous consentez \u00e0 la collecte et \u00e0 l&#039;utilisation de l&#039;information dans le cadre de cette politique. Les Renseignements Personnels que nous recueillons sont utilis\u00e9s pour fournir et am\u00e9liorer le Service. Nous n&#039;allons pas utiliser ou de partager vos informations avec personne, sauf tel que d\u00e9crit dans cette Politique de Confidentialit\u00e9.<\/p>\n<p>Les termes utilis\u00e9s dans la pr\u00e9sente Politique de Confidentialit\u00e9 ont la m\u00eame signification que dans nos Termes et Conditions, qui est accessible \u00e0 www.longsaulttravelclinic.com, sauf indication contraire dans cette Politique de Confidentialit\u00e9.<\/p>\n<h3>Collecte et Utilisation des informations<\/h3>\n<p>Pour une meilleure exp\u00e9rience lors de l&#039;utilisation de notre Service, nous pouvons vous demander de nous fournir certaines informations personnelles, y compris mais non limit\u00e9 \u00e0 votre nom, num\u00e9ro de t\u00e9l\u00e9phone, et adresse postale. Les informations que nous recueillons seront utilis\u00e9es pour vous contacter ou vous identifier.<\/p>\n<h3>Les Donn\u00e9es Du Journal<\/h3>\n<p>Nous tenons \u00e0 vous informer qu&#039;\u00e0 chaque fois que vous visitez notre Service, nous collectons les informations que votre navigateur nous envoie qui est appel\u00e9 le Journal de Donn\u00e9es. Ce Journal de Donn\u00e9es peut inclure des informations telles que votre ordinateur de Protocole Internet (\u201cIP\u201d), la version du navigateur, les pages de notre Service que vous visitez, l&#039;heure et la date de votre visite, le temps pass\u00e9 sur ces pages, et d&#039;autres statistiques.<\/p>\n<h3>Les Cookies<\/h3>\n<p>Les Cookies sont des fichiers avec une petite quantit\u00e9 de donn\u00e9es qui est utilis\u00e9e g\u00e9n\u00e9ralement un identifiant unique et anonyme. Ceux-ci sont envoy\u00e9s \u00e0 votre navigateur \u00e0 partir du site web que vous visitez et sont stock\u00e9s sur le disque dur de votre ordinateur.<\/p>\n<p>Notre site web utilise ces \u201ccookies\u201d \u00e0 la collecte des informations et d&#039;am\u00e9liorer notre Service. Vous avez la possibilit\u00e9 d&#039;accepter ou de refuser ces cookies, et de savoir quand un cookie est envoy\u00e9 \u00e0 votre ordinateur. Si vous choisissez de refuser nos cookies, vous pourriez ne pas \u00eatre en mesure d&#039;utiliser certaines parties de notre Service.<\/p>\n<h3>Cornwall Centre De Voyage De Fournisseurs De Services<\/h3>\n<p>Cornwall Centre de Voyage peut employer un tiers des entreprises et des particuliers pour les raisons suivantes:Pour faciliter notre Service;<\/p>\n<p>Pour fournir le Service en notre nom;<br \/>Pour effectuer le Service-services li\u00e9s; ou<br \/>Pour nous aider \u00e0 analyser la fa\u00e7on dont notre Service est utilis\u00e9.<\/p>\n<p>Nous voulons informer nos utilisateurs de Services que ces tiers ont acc\u00e8s \u00e0 vos Renseignements Personnels. La raison en est \u00e0 effectuer les t\u00e2ches qui leur sont assign\u00e9es en notre nom. Toutefois, ils sont tenus de ne pas divulguer ou utiliser les informations \u00e0 d&#039;autres fins.<\/p>\n<h3>S\u00e9curit\u00e9<\/h3>\n<p>Cornwall Centre de Voyage de votre confiance en nous fournissant vos Renseignements Personnels, ainsi que nous nous effor\u00e7ons d&#039;utiliser des moyens commercialement acceptables de la prot\u00e9ger. Mais rappelez-vous qu&#039;aucune m\u00e9thode de transmission sur internet, ou m\u00e9thode de stockage \u00e9lectronique n&#039;est s\u00fbre \u00e0 100% et fiable, et nous ne pouvons pas garantir la s\u00e9curit\u00e9 absolue.<\/p>\n<h3>Des liens vers d&#039;Autres Sites<\/h3>\n<p>Notre Service peut contenir des liens vers d&#039;autres sites. Si vous cliquez sur le lien d&#039;un tiers, vous serez dirig\u00e9 vers ce site. Notez que ces sites ne sont pas g\u00e9r\u00e9s par nous. Par cons\u00e9quent, nous vous conseillons fortement de consulter la Politique de Confidentialit\u00e9 de ces sites web. Nous n&#039;avons aucun contr\u00f4le sur, et n&#039;assume aucune responsabilit\u00e9 pour le contenu, les politiques de confidentialit\u00e9 ou les pratiques des sites tiers ou des services.<\/p>\n<h3>La vie priv\u00e9e des enfants<\/h3>\n<p>Nos Services ne font pas l&#039;adresse de toute personne de moins de 13 ans. Nous ne recueillons pas sciemment de renseignements personnels aupr\u00e8s d&#039;enfants de moins de 13 ans. Dans le cas que nous d\u00e9couvrons qu&#039;un enfant de moins de 13 ans nous a fourni des renseignements personnels, nous supprimons imm\u00e9diatement ce \u00e0 partir de nos serveurs. Si vous \u00eates un parent ou d&#039;un tuteur, et vous savez que votre enfant nous a fourni des renseignements personnels, veuillez nous contacter afin que nous serons en mesure de faire les actions n\u00e9cessaires. Vous pouvez en lire plus sur le <a href=\"https:\/\/www.priv.gc.ca\/en\/privacy-topics\/privacy-laws-in-canada\/02_05_d_15\/\" target=\"_blank\" rel=\"noopener\">Canadien Des Lois Sur La Vie Priv\u00e9e<\/a><\/p>\n<h3>Changements \u00e0 Cette Politique de Confidentialit\u00e9<\/h3>\n<p>Cornwall Centre de Voyage de mises \u00e0 jour de notre Politique de Confidentialit\u00e9 de temps \u00e0 autre. Ainsi, nous vous conseillons de consulter cette page p\u00e9riodiquement pour tout changement. Nous vous aviserons de tout changement par la publication de la nouvelle Politique de Confidentialit\u00e9 sur cette page.<\/p>\n<p>Si vous avez des questions ou des suggestions concernant notre Politique de Confidentialit\u00e9, n&#039;h\u00e9sitez pas \u00e0 nous contacter.<\/p>\n\n\n<div style=\"height:60px\" aria-hidden=\"true\" class=\"wp-block-spacer spacer-responsive\"><\/div>","protected":false},"excerpt":{"rendered":"<p>Cornwall Travel Centre operates the www.longsaulttravelclinic.com website, which provides travel advice and travel immunization services. This page is used to inform website visitors regarding our policies with the collection, use, and disclosure of Personal Information if anyone decided to use our Service, the Long Sault Travel Clinic \/ Cornwall Travel Clinic website. If you choose [&hellip;]<\/p>\n","protected":false},"author":1,"featured_media":0,"parent":0,"menu_order":0,"comment_status":"closed","ping_status":"closed","template":"","meta":{"_acf_changed":false,"footnotes":""},"class_list":["post-7552","page","type-page","status-publish","hentry"],"acf":[],"yoast_head":"<!-- This site is optimized with the Yoast SEO plugin v27.4 - https:\/\/yoast.com\/product\/yoast-seo-wordpress\/ -->\n<title>Cornwall Travel Centre Privacy Policy - Cornwall Travel Clinic<\/title>\n<meta name=\"description\" content=\"Cornwall Travel Centre privacy policy is intended to inform visitors regarding our policies with the collection, use, and disclosure of Personal Information\" \/>\n<meta name=\"robots\" content=\"index, follow, max-snippet:-1, max-image-preview:large, max-video-preview:-1\" \/>\n<link rel=\"canonical\" href=\"https:\/\/www.longsaulttravelclinic.com\/fr\/privacy-policy\/\" \/>\n<meta property=\"og:locale\" content=\"fr_FR\" \/>\n<meta property=\"og:type\" content=\"article\" \/>\n<meta property=\"og:title\" content=\"Cornwall Travel Centre Privacy Policy - Cornwall Travel Clinic\" \/>\n<meta property=\"og:description\" content=\"Cornwall Travel Centre privacy policy is intended to inform visitors regarding our policies with the collection, use, and disclosure of Personal Information\" \/>\n<meta property=\"og:url\" content=\"https:\/\/www.longsaulttravelclinic.com\/fr\/privacy-policy\/\" \/>\n<meta property=\"og:site_name\" content=\"Long Sault Travel Clinic\" \/>\n<meta property=\"article:publisher\" content=\"https:\/\/www.facebook.com\/longsaultpharmacy\/\" \/>\n<meta property=\"article:modified_time\" content=\"2025-10-09T21:18:06+00:00\" \/>\n<meta name=\"twitter:card\" content=\"summary_large_image\" \/>\n<meta name=\"twitter:label1\" content=\"Dur\u00e9e de lecture estim\u00e9e\" \/>\n\t<meta name=\"twitter:data1\" content=\"4 minutes\" \/>\n<script type=\"application\/ld+json\" class=\"yoast-schema-graph\">{\"@context\":\"https:\\\/\\\/schema.org\",\"@graph\":[{\"@type\":\"WebPage\",\"@id\":\"https:\\\/\\\/www.longsaulttravelclinic.com\\\/privacy-policy\\\/\",\"url\":\"https:\\\/\\\/www.longsaulttravelclinic.com\\\/privacy-policy\\\/\",\"name\":\"Cornwall Travel Centre Privacy Policy - Cornwall Travel Clinic\",\"isPartOf\":{\"@id\":\"https:\\\/\\\/www.longsaulttravelclinic.com\\\/#website\"},\"datePublished\":\"2018-05-18T16:34:47+00:00\",\"dateModified\":\"2025-10-09T21:18:06+00:00\",\"description\":\"Cornwall Travel Centre privacy policy is intended to inform visitors regarding our policies with the collection, use, and disclosure of Personal Information\",\"breadcrumb\":{\"@id\":\"https:\\\/\\\/www.longsaulttravelclinic.com\\\/privacy-policy\\\/#breadcrumb\"},\"inLanguage\":\"fr-FR\",\"potentialAction\":[{\"@type\":\"ReadAction\",\"target\":[\"https:\\\/\\\/www.longsaulttravelclinic.com\\\/privacy-policy\\\/\"]}]},{\"@type\":\"BreadcrumbList\",\"@id\":\"https:\\\/\\\/www.longsaulttravelclinic.com\\\/privacy-policy\\\/#breadcrumb\",\"itemListElement\":[{\"@type\":\"ListItem\",\"position\":1,\"name\":\"Home\",\"item\":\"https:\\\/\\\/www.longsaulttravelclinic.com\\\/\"},{\"@type\":\"ListItem\",\"position\":2,\"name\":\"Privacy Policy\"}]},{\"@type\":\"WebSite\",\"@id\":\"https:\\\/\\\/www.longsaulttravelclinic.com\\\/#website\",\"url\":\"https:\\\/\\\/www.longsaulttravelclinic.com\\\/\",\"name\":\"longsaulttravelclinic\",\"description\":\"Cornwall Area Travel Clinic\",\"publisher\":{\"@id\":\"https:\\\/\\\/www.longsaulttravelclinic.com\\\/#organization\"},\"potentialAction\":[{\"@type\":\"SearchAction\",\"target\":{\"@type\":\"EntryPoint\",\"urlTemplate\":\"https:\\\/\\\/www.longsaulttravelclinic.com\\\/?s={search_term_string}\"},\"query-input\":{\"@type\":\"PropertyValueSpecification\",\"valueRequired\":true,\"valueName\":\"search_term_string\"}}],\"inLanguage\":\"fr-FR\"},{\"@type\":\"Organization\",\"@id\":\"https:\\\/\\\/www.longsaulttravelclinic.com\\\/#organization\",\"name\":\"longsaulttravelclinic\",\"url\":\"https:\\\/\\\/www.longsaulttravelclinic.com\\\/\",\"logo\":{\"@type\":\"ImageObject\",\"inLanguage\":\"fr-FR\",\"@id\":\"https:\\\/\\\/www.longsaulttravelclinic.com\\\/#\\\/schema\\\/logo\\\/image\\\/\",\"url\":\"https:\\\/\\\/www.longsaulttravelclinic.com\\\/wp-content\\\/uploads\\\/2021\\\/06\\\/Long-Sault-Travel-Clinic-Pharmasave-Logo.jpg\",\"contentUrl\":\"https:\\\/\\\/www.longsaulttravelclinic.com\\\/wp-content\\\/uploads\\\/2021\\\/06\\\/Long-Sault-Travel-Clinic-Pharmasave-Logo.jpg\",\"width\":546,\"height\":97,\"caption\":\"longsaulttravelclinic\"},\"image\":{\"@id\":\"https:\\\/\\\/www.longsaulttravelclinic.com\\\/#\\\/schema\\\/logo\\\/image\\\/\"},\"sameAs\":[\"https:\\\/\\\/www.facebook.com\\\/longsaultpharmacy\\\/\"]}]}<\/script>\n<!-- \/ Yoast SEO plugin. -->","yoast_head_json":{"title":"Cornwall Travel Centre Privacy Policy - Cornwall Travel Clinic","description":"Cornwall Travel Centre privacy policy is intended to inform visitors regarding our policies with the collection, use, and disclosure of Personal Information","robots":{"index":"index","follow":"follow","max-snippet":"max-snippet:-1","max-image-preview":"max-image-preview:large","max-video-preview":"max-video-preview:-1"},"canonical":"https:\/\/www.longsaulttravelclinic.com\/fr\/privacy-policy\/","og_locale":"fr_FR","og_type":"article","og_title":"Cornwall Travel Centre Privacy Policy - Cornwall Travel Clinic","og_description":"Cornwall Travel Centre privacy policy is intended to inform visitors regarding our policies with the collection, use, and disclosure of Personal Information","og_url":"https:\/\/www.longsaulttravelclinic.com\/fr\/privacy-policy\/","og_site_name":"Long Sault Travel Clinic","article_publisher":"https:\/\/www.facebook.com\/longsaultpharmacy\/","article_modified_time":"2025-10-09T21:18:06+00:00","twitter_card":"summary_large_image","twitter_misc":{"Dur\u00e9e de lecture estim\u00e9e":"4 minutes"},"schema":{"@context":"https:\/\/schema.org","@graph":[{"@type":"WebPage","@id":"https:\/\/www.longsaulttravelclinic.com\/privacy-policy\/","url":"https:\/\/www.longsaulttravelclinic.com\/privacy-policy\/","name":"Cornwall Travel Centre Privacy Policy - Cornwall Travel Clinic","isPartOf":{"@id":"https:\/\/www.longsaulttravelclinic.com\/#website"},"datePublished":"2018-05-18T16:34:47+00:00","dateModified":"2025-10-09T21:18:06+00:00","description":"Cornwall Travel Centre privacy policy is intended to inform visitors regarding our policies with the collection, use, and disclosure of Personal Information","breadcrumb":{"@id":"https:\/\/www.longsaulttravelclinic.com\/privacy-policy\/#breadcrumb"},"inLanguage":"fr-FR","potentialAction":[{"@type":"ReadAction","target":["https:\/\/www.longsaulttravelclinic.com\/privacy-policy\/"]}]},{"@type":"BreadcrumbList","@id":"https:\/\/www.longsaulttravelclinic.com\/privacy-policy\/#breadcrumb","itemListElement":[{"@type":"ListItem","position":1,"name":"Home","item":"https:\/\/www.longsaulttravelclinic.com\/"},{"@type":"ListItem","position":2,"name":"Privacy Policy"}]},{"@type":"WebSite","@id":"https:\/\/www.longsaulttravelclinic.com\/#website","url":"https:\/\/www.longsaulttravelclinic.com\/","name":"longsaulttravelclinic","description":"Clinique de voyage de la r\u00e9gion de Cornwall","publisher":{"@id":"https:\/\/www.longsaulttravelclinic.com\/#organization"},"potentialAction":[{"@type":"SearchAction","target":{"@type":"EntryPoint","urlTemplate":"https:\/\/www.longsaulttravelclinic.com\/?s={search_term_string}"},"query-input":{"@type":"PropertyValueSpecification","valueRequired":true,"valueName":"search_term_string"}}],"inLanguage":"fr-FR"},{"@type":"Organization","@id":"https:\/\/www.longsaulttravelclinic.com\/#organization","name":"longsaulttravelclinic","url":"https:\/\/www.longsaulttravelclinic.com\/","logo":{"@type":"ImageObject","inLanguage":"fr-FR","@id":"https:\/\/www.longsaulttravelclinic.com\/#\/schema\/logo\/image\/","url":"https:\/\/www.longsaulttravelclinic.com\/wp-content\/uploads\/2021\/06\/Long-Sault-Travel-Clinic-Pharmasave-Logo.jpg","contentUrl":"https:\/\/www.longsaulttravelclinic.com\/wp-content\/uploads\/2021\/06\/Long-Sault-Travel-Clinic-Pharmasave-Logo.jpg","width":546,"height":97,"caption":"longsaulttravelclinic"},"image":{"@id":"https:\/\/www.longsaulttravelclinic.com\/#\/schema\/logo\/image\/"},"sameAs":["https:\/\/www.facebook.com\/longsaultpharmacy\/"]}]}},"_links":{"self":[{"href":"https:\/\/www.longsaulttravelclinic.com\/fr\/wp-json\/wp\/v2\/pages\/7552","targetHints":{"allow":["GET"]}}],"collection":[{"href":"https:\/\/www.longsaulttravelclinic.com\/fr\/wp-json\/wp\/v2\/pages"}],"about":[{"href":"https:\/\/www.longsaulttravelclinic.com\/fr\/wp-json\/wp\/v2\/types\/page"}],"author":[{"embeddable":true,"href":"https:\/\/www.longsaulttravelclinic.com\/fr\/wp-json\/wp\/v2\/users\/1"}],"replies":[{"embeddable":true,"href":"https:\/\/www.longsaulttravelclinic.com\/fr\/wp-json\/wp\/v2\/comments?post=7552"}],"version-history":[{"count":4,"href":"https:\/\/www.longsaulttravelclinic.com\/fr\/wp-json\/wp\/v2\/pages\/7552\/revisions"}],"predecessor-version":[{"id":9831,"href":"https:\/\/www.longsaulttravelclinic.com\/fr\/wp-json\/wp\/v2\/pages\/7552\/revisions\/9831"}],"wp:attachment":[{"href":"https:\/\/www.longsaulttravelclinic.com\/fr\/wp-json\/wp\/v2\/media?parent=7552"}],"curies":[{"name":"wp","href":"https:\/\/api.w.org\/{rel}","templated":true}]}}