{"id":8021,"date":"2018-06-05T07:12:09","date_gmt":"2018-06-05T11:12:09","guid":{"rendered":"https:\/\/www.longsaulttravelclinic.com\/?page_id=8021"},"modified":"2025-10-09T17:48:44","modified_gmt":"2025-10-09T21:48:44","slug":"useful-links","status":"publish","type":"page","link":"https:\/\/www.longsaulttravelclinic.com\/fr\/useful-links\/","title":{"rendered":"Liens utiles"},"content":{"rendered":"<div id=\"pl-8021\"  class=\"panel-layout\" ><div id=\"pg-8021-0\"  class=\"panel-grid panel-no-style\" ><div id=\"pgc-8021-0-0\"  class=\"panel-grid-cell\" ><div id=\"panel-8021-0-0-0\" class=\"so-panel widget widget_text panel-first-child\" data-index=\"0\" >\t\t\t<div class=\"textwidget\"><p><a href=\"https:\/\/wwwnc.cdc.gov\/travel\/page\/apps-about\" target=\"_blank\" rel=\"noopener\">Application mobile des centres de contr\u00f4le et de pr\u00e9vention des maladies<\/a><\/p>\n<p class=\"translation-block\">L'application <em>TravWell<\/em> de CDC vous aide \u00e0 planifier des voyages internationaux s\u00fbrs et sains. Cr\u00e9ez un voyage pour obtenir des recommandations de vaccins sp\u00e9cifiques \u00e0 la destination, une liste de contr\u00f4le de ce que vous devez faire pour vous pr\u00e9parer au voyage et une liste de bagages personnalisable pour un voyage sain.<\/p>\n<\/div>\n\t\t<\/div><div id=\"panel-8021-0-0-1\" class=\"so-panel widget widget_text\" data-index=\"1\" >\t\t\t<div class=\"textwidget\"><p><a href=\"https:\/\/www.iamat.org\/\" target=\"_blank\" rel=\"noopener\">IAMAT \u2013 Association Internationale d'Assistance M\u00e9dicale aux Voyageurs<\/a><\/p>\n<p>Choisissez votre destination ou votre risque sanitaire pour planifier votre voyage sant\u00e9.<\/p>\n<\/div>\n\t\t<\/div><div id=\"panel-8021-0-0-2\" class=\"so-panel widget widget_text panel-last-child\" data-index=\"2\" >\t\t\t<div class=\"textwidget\"><p><a href=\"http:\/\/www.who.int\/ith\/en\/\" target=\"_blank\" rel=\"noopener\">Organisation Mondiale de la Sant\u00e9<\/a><\/p>\n<p>L'Organisation mondiale de la sant\u00e9 est une agence sp\u00e9cialis\u00e9e des Nations Unies qui s'occupe de la sant\u00e9 publique internationale.<\/p>\n<\/div>\n\t\t<\/div><\/div><div id=\"pgc-8021-0-1\"  class=\"panel-grid-cell\" ><div id=\"panel-8021-0-1-0\" class=\"so-panel widget widget_text panel-first-child\" data-index=\"3\" >\t\t\t<div class=\"textwidget\"><p><a href=\"https:\/\/www.sitata.com\/en\/\" target=\"_blank\" rel=\"noopener\">Sitata<\/a><\/p>\n<p>\u00c9vitez les escroqueries touristiques, trouvez rapidement des h\u00f4pitaux et restez inform\u00e9 gr\u00e2ce aux alertes de voyage en temps r\u00e9el. Sitata est la plateforme de s\u00e9curit\u00e9 des voyages la plus compl\u00e8te de la plan\u00e8te.<\/p>\n<\/div>\n\t\t<\/div><div id=\"panel-8021-0-1-1\" class=\"so-panel widget widget_text\" data-index=\"4\" >\t\t\t<div class=\"textwidget\"><p><a href=\"https:\/\/wwwnc.cdc.gov\/travel\" target=\"_blank\" rel=\"noopener\">Centres pour le Contr\u00f4le et la Pr\u00e9vention des catastrophes<\/a><\/p>\n<p>Recevez les derni\u00e8res alertes de voyage, vaccins et conseils sur les m\u00e9dicaments. Des informations suppl\u00e9mentaires peuvent \u00eatre fournies lors de votre consultation sur la vaccination des voyageurs \u00e0 Cornwall.<\/p>\n<p>&nbsp;<\/p>\n<\/div>\n\t\t<\/div><div id=\"panel-8021-0-1-2\" class=\"so-panel widget widget_text panel-last-child\" data-index=\"5\" >\t\t\t<div class=\"textwidget\"><p><a href=\"https:\/\/travel.gc.ca\/travelling\/advisories\" target=\"_blank\" rel=\"noopener\">Conseils aux voyageurs et avertissements du gouvernement du Canada<\/a><\/p>\n<p>Les Conseils aux voyageurs et avertissements sont la source officielle du gouvernement du Canada de renseignements sur les voyages propres \u00e0 une destination. Ils vous donnent des conseils importants pour vous aider \u00e0 prendre des d\u00e9cisions \u00e9clair\u00e9es et \u00e0 voyager en toute s\u00e9curit\u00e9 pendant votre s\u00e9jour \u00e0 l'\u00e9tranger.<\/p>\n<\/div>\n\t\t<\/div><\/div><\/div><\/div>","protected":false},"excerpt":{"rendered":"<p>Centers for disease control and prevention mobile app CDC\u2019s TravWell app helps you plan for safe and healthy international travel. Build a trip to get destination-specific vaccine recommendations, a checklist of what you need to do to prepare for travel, and a customizable healthy travel packing list. IAMAT &#8211; International Association for Medical Assistance to [&hellip;]<\/p>\n","protected":false},"author":1,"featured_media":0,"parent":0,"menu_order":0,"comment_status":"closed","ping_status":"closed","template":"","meta":{"_acf_changed":false,"footnotes":""},"class_list":["post-8021","page","type-page","status-publish","hentry"],"acf":[],"yoast_head":"<!-- This site is optimized with the Yoast SEO plugin v27.4 - https:\/\/yoast.com\/product\/yoast-seo-wordpress\/ -->\n<title>Cornwall Travel Immunization - Useful travel Links<\/title>\n<meta name=\"description\" content=\"Cornwall Travel Immunization - Useful links to help you travel more safely abroad. Book your travel immunization consultation online. Weekends Available\" \/>\n<meta name=\"robots\" content=\"index, follow, max-snippet:-1, max-image-preview:large, max-video-preview:-1\" \/>\n<link rel=\"canonical\" href=\"https:\/\/www.longsaulttravelclinic.com\/fr\/useful-links\/\" \/>\n<meta property=\"og:locale\" content=\"fr_FR\" \/>\n<meta property=\"og:type\" content=\"article\" \/>\n<meta property=\"og:title\" content=\"Cornwall Travel Immunization - Useful Travel Links\" \/>\n<meta property=\"og:description\" content=\"Cornwall Travel Immunization - Useful links to help you travel more safely abroad. Book your travel immunization consultation online. Weekends Available\" \/>\n<meta property=\"og:url\" content=\"https:\/\/www.longsaulttravelclinic.com\/fr\/useful-links\/\" \/>\n<meta property=\"og:site_name\" content=\"Long Sault Travel Clinic\" \/>\n<meta property=\"article:publisher\" content=\"https:\/\/www.facebook.com\/longsaultpharmacy\/\" \/>\n<meta property=\"article:modified_time\" content=\"2025-10-09T21:48:44+00:00\" \/>\n<meta name=\"twitter:card\" content=\"summary_large_image\" \/>\n<meta name=\"twitter:label1\" content=\"Dur\u00e9e de lecture estim\u00e9e\" \/>\n\t<meta name=\"twitter:data1\" content=\"1 minute\" \/>\n<script type=\"application\/ld+json\" class=\"yoast-schema-graph\">{\"@context\":\"https:\\\/\\\/schema.org\",\"@graph\":[{\"@type\":\"WebPage\",\"@id\":\"https:\\\/\\\/www.longsaulttravelclinic.com\\\/useful-links\\\/\",\"url\":\"https:\\\/\\\/www.longsaulttravelclinic.com\\\/useful-links\\\/\",\"name\":\"Cornwall Travel Immunization - Useful travel Links\",\"isPartOf\":{\"@id\":\"https:\\\/\\\/www.longsaulttravelclinic.com\\\/#website\"},\"datePublished\":\"2018-06-05T11:12:09+00:00\",\"dateModified\":\"2025-10-09T21:48:44+00:00\",\"description\":\"Cornwall Travel Immunization - Useful links to help you travel more safely abroad. Book your travel immunization consultation online. Weekends Available\",\"breadcrumb\":{\"@id\":\"https:\\\/\\\/www.longsaulttravelclinic.com\\\/useful-links\\\/#breadcrumb\"},\"inLanguage\":\"fr-FR\",\"potentialAction\":[{\"@type\":\"ReadAction\",\"target\":[\"https:\\\/\\\/www.longsaulttravelclinic.com\\\/useful-links\\\/\"]}]},{\"@type\":\"BreadcrumbList\",\"@id\":\"https:\\\/\\\/www.longsaulttravelclinic.com\\\/useful-links\\\/#breadcrumb\",\"itemListElement\":[{\"@type\":\"ListItem\",\"position\":1,\"name\":\"Home\",\"item\":\"https:\\\/\\\/www.longsaulttravelclinic.com\\\/\"},{\"@type\":\"ListItem\",\"position\":2,\"name\":\"Useful Links\"}]},{\"@type\":\"WebSite\",\"@id\":\"https:\\\/\\\/www.longsaulttravelclinic.com\\\/#website\",\"url\":\"https:\\\/\\\/www.longsaulttravelclinic.com\\\/\",\"name\":\"longsaulttravelclinic\",\"description\":\"Cornwall Area Travel Clinic\",\"publisher\":{\"@id\":\"https:\\\/\\\/www.longsaulttravelclinic.com\\\/#organization\"},\"potentialAction\":[{\"@type\":\"SearchAction\",\"target\":{\"@type\":\"EntryPoint\",\"urlTemplate\":\"https:\\\/\\\/www.longsaulttravelclinic.com\\\/?s={search_term_string}\"},\"query-input\":{\"@type\":\"PropertyValueSpecification\",\"valueRequired\":true,\"valueName\":\"search_term_string\"}}],\"inLanguage\":\"fr-FR\"},{\"@type\":\"Organization\",\"@id\":\"https:\\\/\\\/www.longsaulttravelclinic.com\\\/#organization\",\"name\":\"longsaulttravelclinic\",\"url\":\"https:\\\/\\\/www.longsaulttravelclinic.com\\\/\",\"logo\":{\"@type\":\"ImageObject\",\"inLanguage\":\"fr-FR\",\"@id\":\"https:\\\/\\\/www.longsaulttravelclinic.com\\\/#\\\/schema\\\/logo\\\/image\\\/\",\"url\":\"https:\\\/\\\/www.longsaulttravelclinic.com\\\/wp-content\\\/uploads\\\/2021\\\/06\\\/Long-Sault-Travel-Clinic-Pharmasave-Logo.jpg\",\"contentUrl\":\"https:\\\/\\\/www.longsaulttravelclinic.com\\\/wp-content\\\/uploads\\\/2021\\\/06\\\/Long-Sault-Travel-Clinic-Pharmasave-Logo.jpg\",\"width\":546,\"height\":97,\"caption\":\"longsaulttravelclinic\"},\"image\":{\"@id\":\"https:\\\/\\\/www.longsaulttravelclinic.com\\\/#\\\/schema\\\/logo\\\/image\\\/\"},\"sameAs\":[\"https:\\\/\\\/www.facebook.com\\\/longsaultpharmacy\\\/\"]}]}<\/script>\n<!-- \/ Yoast SEO plugin. -->","yoast_head_json":{"title":"Cornwall Travel Immunization - Useful travel Links","description":"Cornwall Travel Immunization - Useful links to help you travel more safely abroad. Book your travel immunization consultation online. Weekends Available","robots":{"index":"index","follow":"follow","max-snippet":"max-snippet:-1","max-image-preview":"max-image-preview:large","max-video-preview":"max-video-preview:-1"},"canonical":"https:\/\/www.longsaulttravelclinic.com\/fr\/useful-links\/","og_locale":"fr_FR","og_type":"article","og_title":"Cornwall Travel Immunization - Useful Travel Links","og_description":"Cornwall Travel Immunization - Useful links to help you travel more safely abroad. Book your travel immunization consultation online. Weekends Available","og_url":"https:\/\/www.longsaulttravelclinic.com\/fr\/useful-links\/","og_site_name":"Long Sault Travel Clinic","article_publisher":"https:\/\/www.facebook.com\/longsaultpharmacy\/","article_modified_time":"2025-10-09T21:48:44+00:00","twitter_card":"summary_large_image","twitter_misc":{"Dur\u00e9e de lecture estim\u00e9e":"1 minute"},"schema":{"@context":"https:\/\/schema.org","@graph":[{"@type":"WebPage","@id":"https:\/\/www.longsaulttravelclinic.com\/useful-links\/","url":"https:\/\/www.longsaulttravelclinic.com\/useful-links\/","name":"Cornwall Travel Immunization - Useful travel Links","isPartOf":{"@id":"https:\/\/www.longsaulttravelclinic.com\/#website"},"datePublished":"2018-06-05T11:12:09+00:00","dateModified":"2025-10-09T21:48:44+00:00","description":"Cornwall Travel Immunization - Useful links to help you travel more safely abroad. Book your travel immunization consultation online. Weekends Available","breadcrumb":{"@id":"https:\/\/www.longsaulttravelclinic.com\/useful-links\/#breadcrumb"},"inLanguage":"fr-FR","potentialAction":[{"@type":"ReadAction","target":["https:\/\/www.longsaulttravelclinic.com\/useful-links\/"]}]},{"@type":"BreadcrumbList","@id":"https:\/\/www.longsaulttravelclinic.com\/useful-links\/#breadcrumb","itemListElement":[{"@type":"ListItem","position":1,"name":"Home","item":"https:\/\/www.longsaulttravelclinic.com\/"},{"@type":"ListItem","position":2,"name":"Useful Links"}]},{"@type":"WebSite","@id":"https:\/\/www.longsaulttravelclinic.com\/#website","url":"https:\/\/www.longsaulttravelclinic.com\/","name":"longsaulttravelclinic","description":"Clinique de voyage de la r\u00e9gion de Cornwall","publisher":{"@id":"https:\/\/www.longsaulttravelclinic.com\/#organization"},"potentialAction":[{"@type":"SearchAction","target":{"@type":"EntryPoint","urlTemplate":"https:\/\/www.longsaulttravelclinic.com\/?s={search_term_string}"},"query-input":{"@type":"PropertyValueSpecification","valueRequired":true,"valueName":"search_term_string"}}],"inLanguage":"fr-FR"},{"@type":"Organization","@id":"https:\/\/www.longsaulttravelclinic.com\/#organization","name":"longsaulttravelclinic","url":"https:\/\/www.longsaulttravelclinic.com\/","logo":{"@type":"ImageObject","inLanguage":"fr-FR","@id":"https:\/\/www.longsaulttravelclinic.com\/#\/schema\/logo\/image\/","url":"https:\/\/www.longsaulttravelclinic.com\/wp-content\/uploads\/2021\/06\/Long-Sault-Travel-Clinic-Pharmasave-Logo.jpg","contentUrl":"https:\/\/www.longsaulttravelclinic.com\/wp-content\/uploads\/2021\/06\/Long-Sault-Travel-Clinic-Pharmasave-Logo.jpg","width":546,"height":97,"caption":"longsaulttravelclinic"},"image":{"@id":"https:\/\/www.longsaulttravelclinic.com\/#\/schema\/logo\/image\/"},"sameAs":["https:\/\/www.facebook.com\/longsaultpharmacy\/"]}]}},"_links":{"self":[{"href":"https:\/\/www.longsaulttravelclinic.com\/fr\/wp-json\/wp\/v2\/pages\/8021","targetHints":{"allow":["GET"]}}],"collection":[{"href":"https:\/\/www.longsaulttravelclinic.com\/fr\/wp-json\/wp\/v2\/pages"}],"about":[{"href":"https:\/\/www.longsaulttravelclinic.com\/fr\/wp-json\/wp\/v2\/types\/page"}],"author":[{"embeddable":true,"href":"https:\/\/www.longsaulttravelclinic.com\/fr\/wp-json\/wp\/v2\/users\/1"}],"replies":[{"embeddable":true,"href":"https:\/\/www.longsaulttravelclinic.com\/fr\/wp-json\/wp\/v2\/comments?post=8021"}],"version-history":[{"count":5,"href":"https:\/\/www.longsaulttravelclinic.com\/fr\/wp-json\/wp\/v2\/pages\/8021\/revisions"}],"predecessor-version":[{"id":9948,"href":"https:\/\/www.longsaulttravelclinic.com\/fr\/wp-json\/wp\/v2\/pages\/8021\/revisions\/9948"}],"wp:attachment":[{"href":"https:\/\/www.longsaulttravelclinic.com\/fr\/wp-json\/wp\/v2\/media?parent=8021"}],"curies":[{"name":"wp","href":"https:\/\/api.w.org\/{rel}","templated":true}]}}