{"id":9410,"date":"2025-04-01T12:02:55","date_gmt":"2025-04-01T16:02:55","guid":{"rendered":"https:\/\/www.longsaulttravelclinic.com\/?page_id=9410"},"modified":"2025-04-02T09:35:44","modified_gmt":"2025-04-02T13:35:44","slug":"agnes-etaka","status":"publish","type":"page","link":"https:\/\/www.longsaulttravelclinic.com\/fr\/agnes-etaka\/","title":{"rendered":"Agnes Etaka, NP"},"content":{"rendered":"<div id=\"pl-9410\"  class=\"panel-layout\" ><div id=\"pg-9410-0\"  class=\"panel-grid panel-no-style\" ><div id=\"pgc-9410-0-0\"  class=\"panel-grid-cell\" ><div id=\"panel-9410-0-0-0\" class=\"so-panel widget widget_sow-editor panel-first-child panel-last-child\" data-index=\"0\" ><div\n\t\t\t\n\t\t\tclass=\"so-widget-sow-editor so-widget-sow-editor-base\"\n\t\t\t\n\t\t>\n<div class=\"siteorigin-widget-tinymce textwidget\">\n\t<p class=\"translation-block\">Agnes Etaka est une infirmi\u00e8re praticienne compatissante et hautement qualifi\u00e9e, ainsi que la fondatrice de <a href=\"https:\/\/purehealth.cortico.ca\/\" target=\"_self\">PureHealth Primary Care<\/a> \u00e0 Long Sault, en Ontario. Forte de plus de dix ans d'exp\u00e9rience dans le domaine de la sant\u00e9, elle se consacre \u00e0 offrir des soins personnalis\u00e9s, respectueux et qui autonomisent les individus et les familles \u00e0 travers Cornwall et la r\u00e9gion des SDG.<\/p>\n<p>Agnes se sp\u00e9cialise dans les soins primaires, la gestion des maladies chroniques et la m\u00e9decine virtuelle, et propose d\u00e9sormais des consultations en sant\u00e9 voyage en partenariat avec Pharmasave Long Sault. Reconnue pour son style accessible et son engagement profond envers l'\u00e9ducation des patients, Agnes adopte une approche holistique et centr\u00e9e sur la communaut\u00e9 en mati\u00e8re de soins de sant\u00e9, favorisant la confiance et le bien-\u00eatre \u00e0 long terme.<\/p>\n<\/div>\n<\/div><\/div><\/div><div id=\"pgc-9410-0-1\"  class=\"panel-grid-cell\" ><div id=\"panel-9410-0-1-0\" class=\"so-panel widget widget_sow-editor panel-first-child panel-last-child\" data-index=\"1\" ><div\n\t\t\t\n\t\t\tclass=\"so-widget-sow-editor so-widget-sow-editor-base\"\n\t\t\t\n\t\t>\n<div class=\"siteorigin-widget-tinymce textwidget\">\n\t<p><a href=\"https:\/\/www.longsaulttravelclinic.com\/wp-content\/uploads\/2025\/04\/AE.jpg\"><img decoding=\"async\" class=\"alignnone wp-image-9425\" src=\"https:\/\/www.longsaulttravelclinic.com\/wp-content\/uploads\/2025\/04\/AE-819x1024.jpg\" alt=\"\" width=\"555\" height=\"694\" srcset=\"https:\/\/www.longsaulttravelclinic.com\/wp-content\/uploads\/2025\/04\/AE-819x1024.jpg 819w, https:\/\/www.longsaulttravelclinic.com\/wp-content\/uploads\/2025\/04\/AE-240x300.jpg 240w, https:\/\/www.longsaulttravelclinic.com\/wp-content\/uploads\/2025\/04\/AE-768x960.jpg 768w, https:\/\/www.longsaulttravelclinic.com\/wp-content\/uploads\/2025\/04\/AE-1229x1536.jpg 1229w, https:\/\/www.longsaulttravelclinic.com\/wp-content\/uploads\/2025\/04\/AE-10x12.jpg 10w, https:\/\/www.longsaulttravelclinic.com\/wp-content\/uploads\/2025\/04\/AE-600x750.jpg 600w, https:\/\/www.longsaulttravelclinic.com\/wp-content\/uploads\/2025\/04\/AE.jpg 1600w\" sizes=\"(max-width: 555px) 100vw, 555px\" \/><\/a><\/p>\n<\/div>\n<\/div><\/div><\/div><\/div><\/div>","protected":false},"excerpt":{"rendered":"<p>Agnes Etaka is a compassionate and highly skilled Nurse Practitioner and the founder of PureHealth Primary Care in Long Sault, Ontario. With over a decade of healthcare experience, she is dedicated to providing personalized, respectful, and empowering care to individuals and families across Cornwall and the SDG area. Agnes specializes in primary care, chronic disease [&hellip;]<\/p>\n","protected":false},"author":6,"featured_media":0,"parent":0,"menu_order":0,"comment_status":"closed","ping_status":"closed","template":"","meta":{"_acf_changed":false,"footnotes":""},"class_list":["post-9410","page","type-page","status-publish","hentry"],"acf":[],"yoast_head":"<!-- This site is optimized with the Yoast SEO plugin v27.4 - https:\/\/yoast.com\/product\/yoast-seo-wordpress\/ -->\n<title>Agnes Etaka, NP - Long Sault Travel Clinic<\/title>\n<meta name=\"robots\" content=\"index, follow, max-snippet:-1, max-image-preview:large, max-video-preview:-1\" \/>\n<link rel=\"canonical\" href=\"https:\/\/www.longsaulttravelclinic.com\/fr\/agnes-etaka\/\" \/>\n<meta property=\"og:locale\" content=\"fr_FR\" \/>\n<meta property=\"og:type\" content=\"article\" \/>\n<meta property=\"og:title\" content=\"Agnes Etaka, NP - Long Sault Travel Clinic\" \/>\n<meta property=\"og:description\" content=\"Agnes Etaka is a compassionate and highly skilled Nurse Practitioner and the founder of PureHealth Primary Care in Long Sault, Ontario. With over a decade of healthcare experience, she is dedicated to providing personalized, respectful, and empowering care to individuals and families across Cornwall and the SDG area. Agnes specializes in primary care, chronic disease [&hellip;]\" \/>\n<meta property=\"og:url\" content=\"https:\/\/www.longsaulttravelclinic.com\/fr\/agnes-etaka\/\" \/>\n<meta property=\"og:site_name\" content=\"Long Sault Travel Clinic\" \/>\n<meta property=\"article:publisher\" content=\"https:\/\/www.facebook.com\/longsaultpharmacy\/\" \/>\n<meta property=\"article:modified_time\" content=\"2025-04-02T13:35:44+00:00\" \/>\n<meta property=\"og:image\" content=\"https:\/\/www.longsaulttravelclinic.com\/wp-content\/uploads\/2025\/04\/AE.jpg\" \/>\n\t<meta property=\"og:image:width\" content=\"1600\" \/>\n\t<meta property=\"og:image:height\" content=\"2000\" \/>\n\t<meta property=\"og:image:type\" content=\"image\/jpeg\" \/>\n<meta name=\"twitter:card\" content=\"summary_large_image\" \/>\n<script type=\"application\/ld+json\" class=\"yoast-schema-graph\">{\"@context\":\"https:\\\/\\\/schema.org\",\"@graph\":[{\"@type\":\"WebPage\",\"@id\":\"https:\\\/\\\/www.longsaulttravelclinic.com\\\/agnes-etaka\\\/\",\"url\":\"https:\\\/\\\/www.longsaulttravelclinic.com\\\/agnes-etaka\\\/\",\"name\":\"Agnes Etaka, NP - Long Sault Travel Clinic\",\"isPartOf\":{\"@id\":\"https:\\\/\\\/www.longsaulttravelclinic.com\\\/#website\"},\"primaryImageOfPage\":{\"@id\":\"https:\\\/\\\/www.longsaulttravelclinic.com\\\/agnes-etaka\\\/#primaryimage\"},\"image\":{\"@id\":\"https:\\\/\\\/www.longsaulttravelclinic.com\\\/agnes-etaka\\\/#primaryimage\"},\"thumbnailUrl\":\"https:\\\/\\\/www.longsaulttravelclinic.com\\\/wp-content\\\/uploads\\\/2025\\\/04\\\/AE-819x1024.jpg\",\"datePublished\":\"2025-04-01T16:02:55+00:00\",\"dateModified\":\"2025-04-02T13:35:44+00:00\",\"breadcrumb\":{\"@id\":\"https:\\\/\\\/www.longsaulttravelclinic.com\\\/agnes-etaka\\\/#breadcrumb\"},\"inLanguage\":\"fr-FR\",\"potentialAction\":[{\"@type\":\"ReadAction\",\"target\":[\"https:\\\/\\\/www.longsaulttravelclinic.com\\\/agnes-etaka\\\/\"]}]},{\"@type\":\"ImageObject\",\"inLanguage\":\"fr-FR\",\"@id\":\"https:\\\/\\\/www.longsaulttravelclinic.com\\\/agnes-etaka\\\/#primaryimage\",\"url\":\"https:\\\/\\\/www.longsaulttravelclinic.com\\\/wp-content\\\/uploads\\\/2025\\\/04\\\/AE-819x1024.jpg\",\"contentUrl\":\"https:\\\/\\\/www.longsaulttravelclinic.com\\\/wp-content\\\/uploads\\\/2025\\\/04\\\/AE-819x1024.jpg\"},{\"@type\":\"BreadcrumbList\",\"@id\":\"https:\\\/\\\/www.longsaulttravelclinic.com\\\/agnes-etaka\\\/#breadcrumb\",\"itemListElement\":[{\"@type\":\"ListItem\",\"position\":1,\"name\":\"Home\",\"item\":\"https:\\\/\\\/www.longsaulttravelclinic.com\\\/\"},{\"@type\":\"ListItem\",\"position\":2,\"name\":\"Agnes Etaka, NP\"}]},{\"@type\":\"WebSite\",\"@id\":\"https:\\\/\\\/www.longsaulttravelclinic.com\\\/#website\",\"url\":\"https:\\\/\\\/www.longsaulttravelclinic.com\\\/\",\"name\":\"longsaulttravelclinic\",\"description\":\"Cornwall Area Travel Clinic\",\"publisher\":{\"@id\":\"https:\\\/\\\/www.longsaulttravelclinic.com\\\/#organization\"},\"potentialAction\":[{\"@type\":\"SearchAction\",\"target\":{\"@type\":\"EntryPoint\",\"urlTemplate\":\"https:\\\/\\\/www.longsaulttravelclinic.com\\\/?s={search_term_string}\"},\"query-input\":{\"@type\":\"PropertyValueSpecification\",\"valueRequired\":true,\"valueName\":\"search_term_string\"}}],\"inLanguage\":\"fr-FR\"},{\"@type\":\"Organization\",\"@id\":\"https:\\\/\\\/www.longsaulttravelclinic.com\\\/#organization\",\"name\":\"longsaulttravelclinic\",\"url\":\"https:\\\/\\\/www.longsaulttravelclinic.com\\\/\",\"logo\":{\"@type\":\"ImageObject\",\"inLanguage\":\"fr-FR\",\"@id\":\"https:\\\/\\\/www.longsaulttravelclinic.com\\\/#\\\/schema\\\/logo\\\/image\\\/\",\"url\":\"https:\\\/\\\/www.longsaulttravelclinic.com\\\/wp-content\\\/uploads\\\/2021\\\/06\\\/Long-Sault-Travel-Clinic-Pharmasave-Logo.jpg\",\"contentUrl\":\"https:\\\/\\\/www.longsaulttravelclinic.com\\\/wp-content\\\/uploads\\\/2021\\\/06\\\/Long-Sault-Travel-Clinic-Pharmasave-Logo.jpg\",\"width\":546,\"height\":97,\"caption\":\"longsaulttravelclinic\"},\"image\":{\"@id\":\"https:\\\/\\\/www.longsaulttravelclinic.com\\\/#\\\/schema\\\/logo\\\/image\\\/\"},\"sameAs\":[\"https:\\\/\\\/www.facebook.com\\\/longsaultpharmacy\\\/\"]}]}<\/script>\n<!-- \/ Yoast SEO plugin. -->","yoast_head_json":{"title":"Agnes Etaka, NP - Long Sault Travel Clinic","robots":{"index":"index","follow":"follow","max-snippet":"max-snippet:-1","max-image-preview":"max-image-preview:large","max-video-preview":"max-video-preview:-1"},"canonical":"https:\/\/www.longsaulttravelclinic.com\/fr\/agnes-etaka\/","og_locale":"fr_FR","og_type":"article","og_title":"Agnes Etaka, NP - Long Sault Travel Clinic","og_description":"Agnes Etaka is a compassionate and highly skilled Nurse Practitioner and the founder of PureHealth Primary Care in Long Sault, Ontario. With over a decade of healthcare experience, she is dedicated to providing personalized, respectful, and empowering care to individuals and families across Cornwall and the SDG area. Agnes specializes in primary care, chronic disease [&hellip;]","og_url":"https:\/\/www.longsaulttravelclinic.com\/fr\/agnes-etaka\/","og_site_name":"Long Sault Travel Clinic","article_publisher":"https:\/\/www.facebook.com\/longsaultpharmacy\/","article_modified_time":"2025-04-02T13:35:44+00:00","og_image":[{"width":1600,"height":2000,"url":"https:\/\/www.longsaulttravelclinic.com\/wp-content\/uploads\/2025\/04\/AE.jpg","type":"image\/jpeg"}],"twitter_card":"summary_large_image","schema":{"@context":"https:\/\/schema.org","@graph":[{"@type":"WebPage","@id":"https:\/\/www.longsaulttravelclinic.com\/agnes-etaka\/","url":"https:\/\/www.longsaulttravelclinic.com\/agnes-etaka\/","name":"Agnes Etaka, NP - Long Sault Travel Clinic","isPartOf":{"@id":"https:\/\/www.longsaulttravelclinic.com\/#website"},"primaryImageOfPage":{"@id":"https:\/\/www.longsaulttravelclinic.com\/agnes-etaka\/#primaryimage"},"image":{"@id":"https:\/\/www.longsaulttravelclinic.com\/agnes-etaka\/#primaryimage"},"thumbnailUrl":"https:\/\/www.longsaulttravelclinic.com\/wp-content\/uploads\/2025\/04\/AE-819x1024.jpg","datePublished":"2025-04-01T16:02:55+00:00","dateModified":"2025-04-02T13:35:44+00:00","breadcrumb":{"@id":"https:\/\/www.longsaulttravelclinic.com\/agnes-etaka\/#breadcrumb"},"inLanguage":"fr-FR","potentialAction":[{"@type":"ReadAction","target":["https:\/\/www.longsaulttravelclinic.com\/agnes-etaka\/"]}]},{"@type":"ImageObject","inLanguage":"fr-FR","@id":"https:\/\/www.longsaulttravelclinic.com\/agnes-etaka\/#primaryimage","url":"https:\/\/www.longsaulttravelclinic.com\/wp-content\/uploads\/2025\/04\/AE-819x1024.jpg","contentUrl":"https:\/\/www.longsaulttravelclinic.com\/wp-content\/uploads\/2025\/04\/AE-819x1024.jpg"},{"@type":"BreadcrumbList","@id":"https:\/\/www.longsaulttravelclinic.com\/agnes-etaka\/#breadcrumb","itemListElement":[{"@type":"ListItem","position":1,"name":"Home","item":"https:\/\/www.longsaulttravelclinic.com\/"},{"@type":"ListItem","position":2,"name":"Agnes Etaka, NP"}]},{"@type":"WebSite","@id":"https:\/\/www.longsaulttravelclinic.com\/#website","url":"https:\/\/www.longsaulttravelclinic.com\/","name":"longsaulttravelclinic","description":"Clinique de voyage de la r\u00e9gion de Cornwall","publisher":{"@id":"https:\/\/www.longsaulttravelclinic.com\/#organization"},"potentialAction":[{"@type":"SearchAction","target":{"@type":"EntryPoint","urlTemplate":"https:\/\/www.longsaulttravelclinic.com\/?s={search_term_string}"},"query-input":{"@type":"PropertyValueSpecification","valueRequired":true,"valueName":"search_term_string"}}],"inLanguage":"fr-FR"},{"@type":"Organization","@id":"https:\/\/www.longsaulttravelclinic.com\/#organization","name":"longsaulttravelclinic","url":"https:\/\/www.longsaulttravelclinic.com\/","logo":{"@type":"ImageObject","inLanguage":"fr-FR","@id":"https:\/\/www.longsaulttravelclinic.com\/#\/schema\/logo\/image\/","url":"https:\/\/www.longsaulttravelclinic.com\/wp-content\/uploads\/2021\/06\/Long-Sault-Travel-Clinic-Pharmasave-Logo.jpg","contentUrl":"https:\/\/www.longsaulttravelclinic.com\/wp-content\/uploads\/2021\/06\/Long-Sault-Travel-Clinic-Pharmasave-Logo.jpg","width":546,"height":97,"caption":"longsaulttravelclinic"},"image":{"@id":"https:\/\/www.longsaulttravelclinic.com\/#\/schema\/logo\/image\/"},"sameAs":["https:\/\/www.facebook.com\/longsaultpharmacy\/"]}]}},"_links":{"self":[{"href":"https:\/\/www.longsaulttravelclinic.com\/fr\/wp-json\/wp\/v2\/pages\/9410","targetHints":{"allow":["GET"]}}],"collection":[{"href":"https:\/\/www.longsaulttravelclinic.com\/fr\/wp-json\/wp\/v2\/pages"}],"about":[{"href":"https:\/\/www.longsaulttravelclinic.com\/fr\/wp-json\/wp\/v2\/types\/page"}],"author":[{"embeddable":true,"href":"https:\/\/www.longsaulttravelclinic.com\/fr\/wp-json\/wp\/v2\/users\/6"}],"replies":[{"embeddable":true,"href":"https:\/\/www.longsaulttravelclinic.com\/fr\/wp-json\/wp\/v2\/comments?post=9410"}],"version-history":[{"count":10,"href":"https:\/\/www.longsaulttravelclinic.com\/fr\/wp-json\/wp\/v2\/pages\/9410\/revisions"}],"predecessor-version":[{"id":9426,"href":"https:\/\/www.longsaulttravelclinic.com\/fr\/wp-json\/wp\/v2\/pages\/9410\/revisions\/9426"}],"wp:attachment":[{"href":"https:\/\/www.longsaulttravelclinic.com\/fr\/wp-json\/wp\/v2\/media?parent=9410"}],"curies":[{"name":"wp","href":"https:\/\/api.w.org\/{rel}","templated":true}]}}